{"id":13142,"date":"2020-10-12T12:23:07","date_gmt":"2020-10-12T09:23:07","guid":{"rendered":"https:\/\/www.gsb-oilless.com\/?page_id=13142"},"modified":"2023-06-01T16:22:36","modified_gmt":"2023-06-01T13:22:36","slug":"effbe-gmbh","status":"publish","type":"page","link":"https:\/\/www.gsb-oilless.com\/tr\/anasayfa\/effbe-gmbh\/","title":{"rendered":"EFFBE GmbH"},"content":{"rendered":"<section class=\"l-section wpb_row height_medium\"><div class=\"l-section-h i-cf\"><div class=\"g-cols vc_row via_flex valign_top type_default stacking_default\"><div class=\"vc_col-sm-12 wpb_column vc_column_container\"><div class=\"vc_column-inner\"><div class=\"wpb_wrapper\"><div class=\"g-cols wpb_row via_flex valign_middle type_default stacking_default\"><div class=\"vc_col-sm-4 wpb_column vc_column_container\"><div class=\"vc_column-inner\"><div class=\"wpb_wrapper\"><div class=\"w-separator size_medium\"><\/div><div class=\"w-image align_center\"><div class=\"w-image-h\"><img decoding=\"async\" width=\"300\" height=\"169\" src=\"https:\/\/www.gsb-oilless.com\/wp-content\/uploads\/2023\/06\/gsb-oilless-effbe-300x169.jpg\" class=\"attachment-medium size-medium\" alt=\"\" loading=\"lazy\" srcset=\"https:\/\/www.gsb-oilless.com\/wp-content\/uploads\/2023\/06\/gsb-oilless-effbe-300x169.jpg 300w, https:\/\/www.gsb-oilless.com\/wp-content\/uploads\/2023\/06\/gsb-oilless-effbe.jpg 320w\" sizes=\"auto, (max-width: 300px) 100vw, 300px\" \/><\/div><\/div><\/div><\/div><\/div><div class=\"vc_col-sm-4 wpb_column vc_column_container\"><div class=\"vc_column-inner\"><div class=\"wpb_wrapper\"><div class=\"w-separator size_medium\"><\/div><div class=\"wpb_text_column\"><div class=\"wpb_wrapper\"><p><strong>EFFBE GmbH<\/strong><\/p>\n<\/div><\/div><div class=\"w-separator size_small\"><\/div><div class=\"w-iconbox iconpos_left style_circle color_primary align_left no_title\"><div class=\"w-iconbox-icon\" style=\"font-size:16px;\"><i class=\"far fa-map-marker-alt\"><\/i><\/div><div class=\"w-iconbox-meta\"><div class=\"w-iconbox-text\"><p>Hanauer Landstra\u00dfe 16 63628 Bad Soden-Salm\u00fcnster GERMANY<\/p>\n<\/div><\/div><\/div><div class=\"w-separator size_small\"><\/div><div class=\"w-iconbox iconpos_left style_circle color_primary align_left no_title\"><div class=\"w-iconbox-icon\" style=\"font-size:16px;\"><i class=\"far fa-phone\"><\/i><\/div><div class=\"w-iconbox-meta\"><div class=\"w-iconbox-text\"><p>+ 49 (0) 6056\/78-7400<\/p>\n<\/div><\/div><\/div><div class=\"w-separator size_small\"><\/div><div class=\"w-iconbox iconpos_left style_circle color_primary align_left no_title\"><div class=\"w-iconbox-icon\" style=\"font-size:16px;\"><i class=\"far fa-fax\"><\/i><\/div><div class=\"w-iconbox-meta\"><div class=\"w-iconbox-text\"><p>+ 49 (0) 6056\/78-7966<\/p>\n<\/div><\/div><\/div><\/div><\/div><\/div><div class=\"vc_col-sm-4 wpb_column vc_column_container\"><div class=\"vc_column-inner\"><div class=\"wpb_wrapper\"><div class=\"w-separator size_medium\"><\/div><div class=\"w-btn-wrapper align_center\"><a class=\"w-btn us-btn-style_1 us_custom_baf26e4d\" href=\"http:\/\/effbe.de\" target=\"_blank\" rel=\"noopener\"><span class=\"w-btn-label\">\u0130LET\u0130\u015e\u0130M<\/span><\/a><\/div><\/div><\/div><\/div><\/div><\/div><\/div><\/div><\/div><\/div><\/section>\n","protected":false},"excerpt":{"rendered":"EFFBE GmbH Hanauer Landstra\u00dfe 16 63628 Bad Soden-Salm\u00fcnster GERMANY + 49 (0) 6056\/78-7400 + 49 (0) 6056\/78-7966 \u0130LET\u0130\u015e\u0130M","protected":false},"author":5,"featured_media":45645,"parent":11914,"menu_order":3,"comment_status":"closed","ping_status":"closed","template":"","meta":{"_acf_changed":false,"footnotes":""},"class_list":["post-13142","page","type-page","status-publish","has-post-thumbnail","hentry"],"acf":[],"_links":{"self":[{"href":"https:\/\/www.gsb-oilless.com\/tr\/wp-json\/wp\/v2\/pages\/13142","targetHints":{"allow":["GET"]}}],"collection":[{"href":"https:\/\/www.gsb-oilless.com\/tr\/wp-json\/wp\/v2\/pages"}],"about":[{"href":"https:\/\/www.gsb-oilless.com\/tr\/wp-json\/wp\/v2\/types\/page"}],"author":[{"embeddable":true,"href":"https:\/\/www.gsb-oilless.com\/tr\/wp-json\/wp\/v2\/users\/5"}],"replies":[{"embeddable":true,"href":"https:\/\/www.gsb-oilless.com\/tr\/wp-json\/wp\/v2\/comments?post=13142"}],"version-history":[{"count":0,"href":"https:\/\/www.gsb-oilless.com\/tr\/wp-json\/wp\/v2\/pages\/13142\/revisions"}],"up":[{"embeddable":true,"href":"https:\/\/www.gsb-oilless.com\/tr\/wp-json\/wp\/v2\/pages\/11914"}],"wp:featuredmedia":[{"embeddable":true,"href":"https:\/\/www.gsb-oilless.com\/tr\/wp-json\/wp\/v2\/media\/45645"}],"wp:attachment":[{"href":"https:\/\/www.gsb-oilless.com\/tr\/wp-json\/wp\/v2\/media?parent=13142"}],"curies":[{"name":"wp","href":"https:\/\/api.w.org\/{rel}","templated":true}]}}