{"id":12193,"date":"2019-02-10T11:15:00","date_gmt":"2019-02-10T08:15:00","guid":{"rendered":"https:\/\/www.gsb-oilless.com\/search-results-page\/"},"modified":"2023-03-27T11:19:20","modified_gmt":"2023-03-27T08:19:20","slug":"search-result","status":"publish","type":"page","link":"https:\/\/www.gsb-oilless.com\/tr\/search-result\/","title":{"rendered":"Arama Sonu\u00e7"},"content":{"rendered":"<section class=\"l-section wpb_row us_custom_0b396a56 height_medium\"><div class=\"l-section-h i-cf\"><div class=\"g-cols vc_row via_flex valign_top type_default stacking_default\"><div class=\"vc_col-sm-12 wpb_column vc_column_container\"><div class=\"vc_column-inner\"><div class=\"wpb_wrapper\"><div class=\"w-separator size_huge\"><\/div><div class=\"w-grid type_grid layout_blog_3 cols_3 pagination_regular\" id=\"us_grid_1\" style=\"--gap:1rem;\" data-filterable=\"true\"><style>@media (max-width:1024px){#us_grid_1 .w-grid-item{width:50%}}@media (max-width:750px){#us_grid_1 .w-grid-list{margin:0}#us_grid_1 .w-grid-item{width:100%;padding:0;margin-bottom:var(--gap,0px)}}@media (min-width:1024px){#us_grid_1 .w-post-elm.post_title{font-size:1.4rem!important}}.layout_blog_3 .w-grid-item-h{}<\/style><div class=\"w-grid-list\">\t<article class=\"w-grid-item size_1x1 post-44204 page type-page status-publish hentry\" data-id=\"44204\">\r\n\t\t<div class=\"w-grid-item-h\">\r\n\t\t\t\t\t\t<div class=\"w-post-elm post_title usg_post_title_1 entry-title color_link_inherit\"><a href=\"https:\/\/www.gsb-oilless.com\/tr\/interactive-map\/\">Interactive Map<\/a><\/div>\t\t<\/div>\r\n\t\t\t<\/article>\r\n\t<article class=\"w-grid-item size_1x1 post-37154 page type-page status-publish hentry\" data-id=\"37154\">\r\n\t\t<div class=\"w-grid-item-h\">\r\n\t\t\t\t\t\t<div class=\"w-post-elm post_title usg_post_title_1 entry-title color_link_inherit\"><a href=\"https:\/\/www.gsb-oilless.com\/tr\/sayfa-yapim-asamasinda\/\">Sayfa Yap\u0131m A\u015famas\u0131nda<\/a><\/div>\t\t<\/div>\r\n\t\t\t<\/article>\r\n\t<article class=\"w-grid-item size_1x1 post-35329 page type-page status-publish has-post-thumbnail hentry\" data-id=\"35329\">\r\n\t\t<div class=\"w-grid-item-h\">\r\n\t\t\t\t\t\t<div class=\"w-post-elm post_title usg_post_title_1 entry-title color_link_inherit\"><a href=\"https:\/\/www.gsb-oilless.com\/tr\/anasayfa\/liftmould\/\">LIFTMOULD<\/a><\/div>\t\t<\/div>\r\n\t\t\t<\/article>\r\n\t<article class=\"w-grid-item size_1x1 post-35328 page type-page status-publish has-post-thumbnail hentry\" data-id=\"35328\">\r\n\t\t<div class=\"w-grid-item-h\">\r\n\t\t\t\t\t\t<div class=\"w-post-elm post_title usg_post_title_1 entry-title color_link_inherit\"><a href=\"https:\/\/www.gsb-oilless.com\/tr\/anasayfa\/moldmaker\/\">MOLDMAKER<\/a><\/div>\t\t<\/div>\r\n\t\t\t<\/article>\r\n\t<article class=\"w-grid-item size_1x1 post-20598 page type-page status-publish has-post-thumbnail hentry\" data-id=\"20598\">\r\n\t\t<div class=\"w-grid-item-h\">\r\n\t\t\t\t\t\t<div class=\"w-post-elm post_title usg_post_title_1 entry-title color_link_inherit\"><a href=\"https:\/\/www.gsb-oilless.com\/tr\/kataloglar\/\">Kataloglar<\/a><\/div>\t\t<\/div>\r\n\t\t\t<\/article>\r\n\t<article class=\"w-grid-item size_1x1 post-15621 page type-page status-publish hentry\" data-id=\"15621\">\r\n\t\t<div class=\"w-grid-item-h\">\r\n\t\t\t\t\t\t<div class=\"w-post-elm post_title usg_post_title_1 entry-title color_link_inherit\"><a href=\"https:\/\/www.gsb-oilless.com\/tr\/gizlilik-politikasi\/\">Gizlilik Politikas\u0131<\/a><\/div>\t\t<\/div>\r\n\t\t\t<\/article>\r\n\t<article class=\"w-grid-item size_1x1 post-13148 page type-page status-publish has-post-thumbnail hentry\" data-id=\"13148\">\r\n\t\t<div class=\"w-grid-item-h\">\r\n\t\t\t\t\t\t<div class=\"w-post-elm post_title usg_post_title_1 entry-title color_link_inherit\"><a href=\"https:\/\/www.gsb-oilless.com\/tr\/anasayfa\/newstark\/\">Newstark<\/a><\/div>\t\t<\/div>\r\n\t\t\t<\/article>\r\n\t<article class=\"w-grid-item size_1x1 post-13146 page type-page status-publish has-post-thumbnail hentry\" data-id=\"13146\">\r\n\t\t<div class=\"w-grid-item-h\">\r\n\t\t\t\t\t\t<div class=\"w-post-elm post_title usg_post_title_1 entry-title color_link_inherit\"><a href=\"https:\/\/www.gsb-oilless.com\/tr\/anasayfa\/bornemann-werkzeugtechnik-gmbh\/\">Bornemann-Werkzeugtechnik GmbH<\/a><\/div>\t\t<\/div>\r\n\t\t\t<\/article>\r\n\t<article class=\"w-grid-item size_1x1 post-13142 page type-page status-publish has-post-thumbnail hentry\" data-id=\"13142\">\r\n\t\t<div class=\"w-grid-item-h\">\r\n\t\t\t\t\t\t<div class=\"w-post-elm post_title usg_post_title_1 entry-title color_link_inherit\"><a href=\"https:\/\/www.gsb-oilless.com\/tr\/anasayfa\/effbe-gmbh\/\">EFFBE GmbH<\/a><\/div>\t\t<\/div>\r\n\t\t\t<\/article>\r\n\t<article class=\"w-grid-item size_1x1 post-13139 page type-page status-publish has-post-thumbnail hentry\" data-id=\"13139\">\r\n\t\t<div class=\"w-grid-item-h\">\r\n\t\t\t\t\t\t<div class=\"w-post-elm post_title usg_post_title_1 entry-title color_link_inherit\"><a href=\"https:\/\/www.gsb-oilless.com\/tr\/anasayfa\/a-e-m-srl-di-rota-c\/\">A.E.M. SRL di Rota &#038; C.<\/a><\/div>\t\t<\/div>\r\n\t\t\t<\/article>\r\n<\/div><div class=\"w-grid-preloader\">\t<div class=\"g-preloader type_1\">\r\n\t\t<div><\/div>\r\n\t<\/div>\r\n\t<\/div>\t\t\t<nav class=\"pagination navigation\" role=\"navigation\">\r\n\t\t\t\t<div class=\"nav-links\">\r\n\t\t\t\t\t<span aria-current=\"page\" class=\"page-numbers current\"><span>1<\/span><\/span>\n<a class=\"page-numbers\" href=\"https:\/\/www.gsb-oilless.com\/tr\/wp-json\/wp\/v2\/pages\/12193\/page\/2\/\"><span>2<\/span><\/a>\n<a class=\"page-numbers\" href=\"https:\/\/www.gsb-oilless.com\/tr\/wp-json\/wp\/v2\/pages\/12193\/page\/3\/\"><span>3<\/span><\/a>\n<a class=\"next page-numbers\" href=\"https:\/\/www.gsb-oilless.com\/tr\/wp-json\/wp\/v2\/pages\/12193\/page\/2\/\"><span>Sonraki<\/span><\/a>\t\t\t\t<\/div>\r\n\t\t\t<\/nav>\r\n\t\t\t\t<div class=\"w-grid-json hidden\" onclick='return {&quot;action&quot;:&quot;us_ajax_grid&quot;,&quot;infinite_scroll&quot;:0,&quot;max_num_pages&quot;:3,&quot;pagination&quot;:&quot;regular&quot;,&quot;template_vars&quot;:{&quot;columns&quot;:&quot;3&quot;,&quot;exclude_items&quot;:&quot;none&quot;,&quot;img_size&quot;:&quot;default&quot;,&quot;ignore_items_size&quot;:0,&quot;items_layout&quot;:&quot;blog_3&quot;,&quot;items_offset&quot;:&quot;1&quot;,&quot;load_animation&quot;:&quot;none&quot;,&quot;overriding_link&quot;:&quot;{\\&quot;url\\&quot;:\\&quot;\\&quot;}&quot;,&quot;post_id&quot;:0,&quot;query_args&quot;:{&quot;post_type&quot;:[&quot;page&quot;],&quot;post_status&quot;:[&quot;publish&quot;,&quot;acf-disabled&quot;],&quot;posts_per_page&quot;:&quot;10&quot;},&quot;orderby_query_args&quot;:{&quot;orderby&quot;:{&quot;date&quot;:&quot;DESC&quot;}},&quot;type&quot;:&quot;grid&quot;,&quot;us_grid_post_type&quot;:&quot;page&quot;,&quot;us_grid_ajax_index&quot;:1,&quot;us_grid_filter_query_string&quot;:null,&quot;us_grid_index&quot;:1,&quot;page_args&quot;:[],&quot;lang&quot;:&quot;tr&quot;}}'><\/div>\r\n\t<\/div><\/div><\/div><\/div><\/div><\/div><\/section>\n","protected":false},"excerpt":{"rendered":"A.E.M. SRL di Rota &amp; C. Via Papa Giovanni XXIII, 7 41100 (MO) ITALY + 39 059 250 564 + 39 059 250 028 \u0130leti\u015fim","protected":false},"author":5,"featured_media":0,"parent":0,"menu_order":1867,"comment_status":"closed","ping_status":"closed","template":"","meta":{"_acf_changed":false,"footnotes":""},"class_list":["post-12193","page","type-page","status-publish","hentry"],"acf":[],"_links":{"self":[{"href":"https:\/\/www.gsb-oilless.com\/tr\/wp-json\/wp\/v2\/pages\/12193","targetHints":{"allow":["GET"]}}],"collection":[{"href":"https:\/\/www.gsb-oilless.com\/tr\/wp-json\/wp\/v2\/pages"}],"about":[{"href":"https:\/\/www.gsb-oilless.com\/tr\/wp-json\/wp\/v2\/types\/page"}],"author":[{"embeddable":true,"href":"https:\/\/www.gsb-oilless.com\/tr\/wp-json\/wp\/v2\/users\/5"}],"replies":[{"embeddable":true,"href":"https:\/\/www.gsb-oilless.com\/tr\/wp-json\/wp\/v2\/comments?post=12193"}],"version-history":[{"count":0,"href":"https:\/\/www.gsb-oilless.com\/tr\/wp-json\/wp\/v2\/pages\/12193\/revisions"}],"wp:attachment":[{"href":"https:\/\/www.gsb-oilless.com\/tr\/wp-json\/wp\/v2\/media?parent=12193"}],"curies":[{"name":"wp","href":"https:\/\/api.w.org\/{rel}","templated":true}]}}