{"id":44202,"date":"2023-03-27T10:36:13","date_gmt":"2023-03-27T07:36:13","guid":{"rendered":"https:\/\/www.gsb-oilless.com\/interactive-map\/"},"modified":"2023-03-27T11:18:50","modified_gmt":"2023-03-27T08:18:50","slug":"interactive-map","status":"publish","type":"page","link":"https:\/\/www.gsb-oilless.com\/pt-pt\/interactive-map\/","title":{"rendered":"Interactive Map"},"content":{"rendered":"<section class=\"l-section wpb_row height_medium\"><div class=\"l-section-h i-cf\"><div class=\"g-cols vc_row via_flex valign_top type_default stacking_default\"><div class=\"vc_col-sm-12 wpb_column vc_column_container\"><div class=\"vc_column-inner\"><div class=\"wpb_wrapper\"><div class=\"w-separator size_medium\"><\/div><div class=\"wpb_text_column\"><div class=\"wpb_wrapper\"><h2 style=\"text-align: center;\">AMERICAS<\/h2>\n<\/div><\/div><div class=\"w-separator size_medium\"><\/div><div class=\"w-tabs style_default switch_click accordion has_scrolling\" style=\"--sections-title-size:inherit\"><div class=\"w-tabs-sections titles-align_none icon_none\"><div class=\"w-tabs-section\" id=\"1575994986465-ea0a33e4-afdc\"><button class=\"w-tabs-section-header with_icon\" aria-controls=\"content-1575994986465-ea0a33e4-afdc\" aria-expanded=\"false\"><i class=\"fas fa-flag\"><\/i><div class=\"w-tabs-section-title\">The United States of America<\/div><div class=\"w-tabs-section-control\"><\/div><\/button><div  class=\"w-tabs-section-content\" id=\"content-1575994986465-ea0a33e4-afdc\"><div class=\"w-tabs-section-content-h i-cf\"><div class=\"w-separator size_medium\"><\/div><div class=\"w-actionbox color_primary controls_right\"><div class=\"w-actionbox-text\"><h5 class=\"w-actionbox-title\">JOLICO\/J-B TOOL INC.<\/h5><div class=\"w-actionbox-description\"><p>4325 22 Mile Road Utica, MI 48317 USA<\/p>\n<\/div><\/div><div class=\"w-actionbox-controls\"><a class=\"w-btn us-btn-style_1\" target=\" _blank\" rel=\"nofollow noopener\" href=\"http:\/\/www.jolico.com\/\"><span class=\"w-btn-label\">Contact<\/span><\/a><\/div><\/div><div class=\"w-separator size_small\"><\/div><\/div><\/div><\/div><div class=\"w-tabs-section\" id=\"1575996072013-0efa8115-6b97\"><button class=\"w-tabs-section-header with_icon\" aria-controls=\"content-1575996072013-0efa8115-6b97\" aria-expanded=\"false\"><i class=\"fas fa-flag\"><\/i><div class=\"w-tabs-section-title\">Brazil<\/div><div class=\"w-tabs-section-control\"><\/div><\/button><div  class=\"w-tabs-section-content\" id=\"content-1575996072013-0efa8115-6b97\"><div class=\"w-tabs-section-content-h i-cf\"><div class=\"w-separator size_medium\"><\/div><div class=\"w-actionbox color_primary controls_right\"><div class=\"w-actionbox-text\"><h5 class=\"w-actionbox-title\">BYR COMPONENTES PARA MOLDES LTDA<\/h5><div class=\"w-actionbox-description\"><p>RUA ANGELO PICOLI, 189 STA TEREZINHA SAO BERNARDO DO CAMPO SP<\/p>\n<\/div><\/div><div class=\"w-actionbox-controls\"><a class=\"w-btn us-btn-style_1\" target=\" _blank\" rel=\"nofollow noopener\" href=\"http:\/\/www.byrcomponentes.com.br\/v2\/\"><span class=\"w-btn-label\">Contact<\/span><\/a><\/div><\/div><div class=\"w-separator size_small\"><\/div><div class=\"w-actionbox color_primary controls_right\"><div class=\"w-actionbox-text\"><h5 class=\"w-actionbox-title\">SPECIAL SPRINGS DO BRASIL LTDA<\/h5><div class=\"w-actionbox-description\"><p>AV. DOM PEDRO I, 2156, VILA PIRES &#8211; SP<\/p>\n<\/div><\/div><div class=\"w-actionbox-controls\"><a class=\"w-btn us-btn-style_1\" target=\" _blank\" rel=\"nofollow noopener\" href=\"http:\/\/specialsprings.com\/\"><span class=\"w-btn-label\">Contact<\/span><\/a><\/div><\/div><div class=\"w-separator size_small\"><\/div><\/div><\/div><\/div><\/div><\/div><div class=\"w-separator size_medium\"><\/div><\/div><\/div><\/div><\/div><\/div><\/section><section class=\"l-section wpb_row height_medium\"><div class=\"l-section-h i-cf\"><div class=\"g-cols vc_row via_flex valign_top type_default stacking_default\"><div class=\"vc_col-sm-12 wpb_column vc_column_container\"><div class=\"vc_column-inner\"><div class=\"wpb_wrapper\"><div class=\"w-separator size_medium\"><\/div><div class=\"wpb_text_column\"><div class=\"wpb_wrapper\"><h2 style=\"text-align: center;\">EUROPE<\/h2>\n<\/div><\/div><div class=\"w-separator size_medium\"><\/div><div class=\"w-tabs style_default switch_click accordion has_scrolling\" style=\"--sections-title-size:inherit\"><div class=\"w-tabs-sections titles-align_none icon_none\"><div class=\"w-tabs-section\" id=\"p0ed\"><button class=\"w-tabs-section-header with_icon\" aria-controls=\"content-p0ed\" aria-expanded=\"false\"><i class=\"fas fa-flag\"><\/i><div class=\"w-tabs-section-title\">Czech Republic<\/div><div class=\"w-tabs-section-control\"><\/div><\/button><div  class=\"w-tabs-section-content\" id=\"content-p0ed\"><div class=\"w-tabs-section-content-h i-cf\"><div class=\"w-separator size_medium\"><\/div><div class=\"w-actionbox color_primary controls_right\"><div class=\"w-actionbox-text\"><h5 class=\"w-actionbox-title\">E &#8211; Normalie servis s.r.o.<\/h5><div class=\"w-actionbox-description\"><p style=\"font-weight: 400;\">Rybn\u00e1 716\/24, Star\u00e9 M\u011bsto 110 00 Praha<\/p>\n<\/div><\/div><div class=\"w-actionbox-controls\"><a class=\"w-btn us-btn-style_1\" target=\" _blank\" rel=\"nofollow noopener\" href=\"https:\/\/www.e-normalie.cz\/en\"><span class=\"w-btn-label\">Contact<\/span><\/a><\/div><\/div><div class=\"w-separator size_small\"><\/div><\/div><\/div><\/div><div class=\"w-tabs-section\" id=\"s358\"><button class=\"w-tabs-section-header with_icon\" aria-controls=\"content-s358\" aria-expanded=\"false\"><i class=\"fas fa-flag\"><\/i><div class=\"w-tabs-section-title\">France<\/div><div class=\"w-tabs-section-control\"><\/div><\/button><div  class=\"w-tabs-section-content\" id=\"content-s358\"><div class=\"w-tabs-section-content-h i-cf\"><div class=\"w-separator size_medium\"><\/div><div class=\"w-actionbox color_primary controls_right\"><div class=\"w-actionbox-text\"><h5 class=\"w-actionbox-title\">Special Springs France s.a.s.<\/h5><div class=\"w-actionbox-description\"><p>IMPASSE DE, La Bibardi\u00e8re, 49650 Allonnes<\/p>\n<\/div><\/div><div class=\"w-actionbox-controls\"><a class=\"w-btn us-btn-style_1\" target=\" _blank\" rel=\"nofollow\" href=\"marc.blassiau@specialsprings.fr\"><span class=\"w-btn-label\">Contact<\/span><\/a><\/div><\/div><div class=\"w-separator size_small\"><\/div><\/div><\/div><\/div><div class=\"w-tabs-section\" id=\"l0b2\"><button class=\"w-tabs-section-header with_icon\" aria-controls=\"content-l0b2\" aria-expanded=\"false\"><i class=\"fas fa-flag\"><\/i><div class=\"w-tabs-section-title\">Germany<\/div><div class=\"w-tabs-section-control\"><\/div><\/button><div  class=\"w-tabs-section-content\" id=\"content-l0b2\"><div class=\"w-tabs-section-content-h i-cf\"><div class=\"w-separator size_medium\"><\/div><div class=\"w-actionbox color_primary controls_right\"><div class=\"w-actionbox-text\"><h5 class=\"w-actionbox-title\">M\u00e4rkische Stanz-Partner Normalien GmbH<\/h5><div class=\"w-actionbox-description\"><p>J\u00fcngerstra\u00dfe 17, 58515 L\u00fcdenscheid<\/p>\n<\/div><\/div><div class=\"w-actionbox-controls\"><a class=\"w-btn us-btn-style_1\" target=\" _blank\" rel=\"nofollow noopener\" href=\"https:\/\/www.maerkische-stanz-partner.de\/en\/\"><span class=\"w-btn-label\">Contact<\/span><\/a><\/div><\/div><div class=\"w-separator size_small\"><\/div><div class=\"w-actionbox color_primary controls_right\"><div class=\"w-actionbox-text\"><h5 class=\"w-actionbox-title\">Micronorm Woronka Gmbh<\/h5><div class=\"w-actionbox-description\"><p>Heerstra\u00dfe 129A, 58553 Halver<\/p>\n<\/div><\/div><div class=\"w-actionbox-controls\"><a class=\"w-btn us-btn-style_1\" target=\" _blank\" rel=\"nofollow noopener\" href=\"https:\/\/micronorm.de\/\"><span class=\"w-btn-label\">Contact<\/span><\/a><\/div><\/div><div class=\"w-separator size_small\"><\/div><div class=\"w-actionbox color_primary controls_right\"><div class=\"w-actionbox-text\"><h5 class=\"w-actionbox-title\">Misumi Europe Gmbh<\/h5><div class=\"w-actionbox-description\"><p>Franklinstra\u00dfe 61-63, 60486 Frankfurt am Main<\/p>\n<\/div><\/div><div class=\"w-actionbox-controls\"><a class=\"w-btn us-btn-style_1\" target=\" _blank\" rel=\"nofollow noopener\" href=\"https:\/\/uk.misumi-ec.com\/\"><span class=\"w-btn-label\">Contact<\/span><\/a><\/div><\/div><div class=\"w-separator size_small\"><\/div><div class=\"w-actionbox color_primary controls_right\"><div class=\"w-actionbox-text\"><h5 class=\"w-actionbox-title\">Thg Normalien Gmbh<\/h5><div class=\"w-actionbox-description\"><p>Kieselstra\u00dfe 6, 56357 Miehlen<\/p>\n<\/div><\/div><div class=\"w-actionbox-controls\"><a class=\"w-btn us-btn-style_1\" target=\" _blank\" rel=\"nofollow noopener\" href=\"http:\/\/www.thg-normalien.de\"><span class=\"w-btn-label\">Contact<\/span><\/a><\/div><\/div><div class=\"w-separator size_small\"><\/div><\/div><\/div><\/div><div class=\"w-tabs-section\" id=\"y38a\"><button class=\"w-tabs-section-header with_icon\" aria-controls=\"content-y38a\" aria-expanded=\"false\"><i class=\"fas fa-flag\"><\/i><div class=\"w-tabs-section-title\">Italy<\/div><div class=\"w-tabs-section-control\"><\/div><\/button><div  class=\"w-tabs-section-content\" id=\"content-y38a\"><div class=\"w-tabs-section-content-h i-cf\"><div class=\"w-separator size_medium\"><\/div><div class=\"w-actionbox color_primary controls_right\"><div class=\"w-actionbox-text\"><h5 class=\"w-actionbox-title\">C.F. Torino Srl<\/h5><div class=\"w-actionbox-description\"><p>Via Alba, 25 10024\u00a0 Moncalieri<\/p>\n<\/div><\/div><div class=\"w-actionbox-controls\"><a class=\"w-btn us-btn-style_1\" target=\" _blank\" rel=\"nofollow noopener\" href=\"https:\/\/www.cftorino.it\/en\"><span class=\"w-btn-label\">Contact<\/span><\/a><\/div><\/div><div class=\"w-separator size_small\"><\/div><div class=\"w-actionbox color_primary controls_right\"><div class=\"w-actionbox-text\"><h5 class=\"w-actionbox-title\">Syndal Spa<\/h5><div class=\"w-actionbox-description\"><p>Via Cesare Battisti 2, \u00a020090 Trezzano sul Naviglio<\/p>\n<\/div><\/div><div class=\"w-actionbox-controls\"><a class=\"w-btn us-btn-style_1\" target=\" _blank\" rel=\"nofollow noopener\" href=\"http:\/\/www.systark.it\"><span class=\"w-btn-label\">Contact<\/span><\/a><\/div><\/div><div class=\"w-separator size_small\"><\/div><\/div><\/div><\/div><div class=\"w-tabs-section\" id=\"x5b9\"><button class=\"w-tabs-section-header with_icon\" aria-controls=\"content-x5b9\" aria-expanded=\"false\"><i class=\"fas fa-flag\"><\/i><div class=\"w-tabs-section-title\">Poland<\/div><div class=\"w-tabs-section-control\"><\/div><\/button><div  class=\"w-tabs-section-content\" id=\"content-x5b9\"><div class=\"w-tabs-section-content-h i-cf\"><div class=\"w-separator size_medium\"><\/div><div class=\"w-actionbox color_primary controls_right\"><div class=\"w-actionbox-text\"><h5 class=\"w-actionbox-title\">Konek PSN Sp\u00f3\u0142ka Jawna<\/h5><div class=\"w-actionbox-description\"><p>J\u00f3zefa Milcherta 1, 85-862 Bydgoszcz <\/p>\n<\/div><\/div><div class=\"w-actionbox-controls\"><a class=\"w-btn us-btn-style_1\" target=\" _blank\" rel=\"nofollow noopener\" href=\"http:\/\/www.konek.pl\"><span class=\"w-btn-label\">Contact<\/span><\/a><\/div><\/div><div class=\"w-separator size_small\"><\/div><\/div><\/div><\/div><div class=\"w-tabs-section\" id=\"f7a4\"><button class=\"w-tabs-section-header with_icon\" aria-controls=\"content-f7a4\" aria-expanded=\"false\"><i class=\"fas fa-flag\"><\/i><div class=\"w-tabs-section-title\">Portugal<\/div><div class=\"w-tabs-section-control\"><\/div><\/button><div  class=\"w-tabs-section-content\" id=\"content-f7a4\"><div class=\"w-tabs-section-content-h i-cf\"><div class=\"w-separator size_medium\"><\/div><div class=\"w-actionbox color_primary controls_right\"><div class=\"w-actionbox-text\"><h5 class=\"w-actionbox-title\">Royme Import Export, S.L.<\/h5><div class=\"w-actionbox-description\"><p>Martindegi Auzoa, 20, 20120 Hernani, Gipuzkoa<\/p>\n<\/div><\/div><div class=\"w-actionbox-controls\"><a class=\"w-btn us-btn-style_1\" target=\" _blank\" rel=\"nofollow\"><span class=\"w-btn-label\">Contact<\/span><\/a><\/div><\/div><div class=\"w-separator size_small\"><\/div><\/div><\/div><\/div><div class=\"w-tabs-section\" id=\"qa6f\"><button class=\"w-tabs-section-header with_icon\" aria-controls=\"content-qa6f\" aria-expanded=\"false\"><i class=\"fas fa-flag\"><\/i><div class=\"w-tabs-section-title\">Russia | Kazakhstan | Belarus<\/div><div class=\"w-tabs-section-control\"><\/div><\/button><div  class=\"w-tabs-section-content\" id=\"content-qa6f\"><div class=\"w-tabs-section-content-h i-cf\"><div class=\"w-separator size_medium\"><\/div><div class=\"w-actionbox color_primary controls_right\"><div class=\"w-actionbox-text\"><h5 class=\"w-actionbox-title\">RMP Group LLC<\/h5><div class=\"w-actionbox-description\"><p>Elizarova Str.3 192148 Saint- Petersburg<\/p>\n<\/div><\/div><div class=\"w-actionbox-controls\"><a class=\"w-btn us-btn-style_1\" target=\" _blank\" rel=\"nofollow noopener\" href=\"https:\/\/rmpgroup.ru\/\"><span class=\"w-btn-label\">Contact<\/span><\/a><\/div><\/div><div class=\"w-separator size_small\"><\/div><\/div><\/div><\/div><div class=\"w-tabs-section\" id=\"cc95\"><button class=\"w-tabs-section-header with_icon\" aria-controls=\"content-cc95\" aria-expanded=\"false\"><i class=\"fas fa-flag\"><\/i><div class=\"w-tabs-section-title\">Spain<\/div><div class=\"w-tabs-section-control\"><\/div><\/button><div  class=\"w-tabs-section-content\" id=\"content-cc95\"><div class=\"w-tabs-section-content-h i-cf\"><div class=\"w-separator size_medium\"><\/div><div class=\"w-actionbox color_primary controls_right\"><div class=\"w-actionbox-text\"><h5 class=\"w-actionbox-title\">Royme Import Export, S.L.<\/h5><div class=\"w-actionbox-description\"><p>Martindegi Auzoa, 20, 20120 Hernani, Gipuzkoa<\/p>\n<\/div><\/div><div class=\"w-actionbox-controls\"><a class=\"w-btn us-btn-style_1\" target=\" _blank\" rel=\"nofollow\"><span class=\"w-btn-label\">Contact<\/span><\/a><\/div><\/div><div class=\"w-separator size_small\"><\/div><\/div><\/div><\/div><div class=\"w-tabs-section\" id=\"tef7\"><button class=\"w-tabs-section-header with_icon\" aria-controls=\"content-tef7\" aria-expanded=\"false\"><i class=\"fas fa-flag\"><\/i><div class=\"w-tabs-section-title\">Sweden<\/div><div class=\"w-tabs-section-control\"><\/div><\/button><div  class=\"w-tabs-section-content\" id=\"content-tef7\"><div class=\"w-tabs-section-content-h i-cf\"><div class=\"w-separator size_medium\"><\/div><div class=\"w-actionbox color_primary controls_right\"><div class=\"w-actionbox-text\"><h5 class=\"w-actionbox-title\">A-Tooling AB<\/h5><div class=\"w-actionbox-description\"><p>Bredastensv\u00e4gen 18 331 44 V\u00c4RNAMO<\/p>\n<\/div><\/div><div class=\"w-actionbox-controls\"><a class=\"w-btn us-btn-style_1\" target=\" _blank\" rel=\"nofollow noopener\" href=\"https:\/\/www.a-tooling.se\/\"><span class=\"w-btn-label\">Contact<\/span><\/a><\/div><\/div><div class=\"w-separator size_small\"><\/div><\/div><\/div><\/div><div class=\"w-tabs-section\" id=\"k10b\"><button class=\"w-tabs-section-header with_icon\" aria-controls=\"content-k10b\" aria-expanded=\"false\"><i class=\"fas fa-flag\"><\/i><div class=\"w-tabs-section-title\">United Kingdom<\/div><div class=\"w-tabs-section-control\"><\/div><\/button><div  class=\"w-tabs-section-content\" id=\"content-k10b\"><div class=\"w-tabs-section-content-h i-cf\"><div class=\"w-separator size_medium\"><\/div><div class=\"w-actionbox color_primary controls_right\"><div class=\"w-actionbox-text\"><h5 class=\"w-actionbox-title\">DAYTON PROGRESS<\/h5><div class=\"w-actionbox-description\"><p>Holly Farm House, Holly Farm Business Park Honiley Kenilworth, Warwickshire CV8 1NP <\/p>\n<\/div><\/div><div class=\"w-actionbox-controls\"><a class=\"w-btn us-btn-style_1\" target=\" _blank\" rel=\"nofollow noopener\" href=\"http:\/\/www.daytonprogress.co.uk\"><span class=\"w-btn-label\">Contact<\/span><\/a><\/div><\/div><div class=\"w-separator size_small\"><\/div><\/div><\/div><\/div><\/div><\/div><div class=\"w-separator size_medium\"><\/div><\/div><\/div><\/div><\/div><\/div><\/section><section class=\"l-section wpb_row height_medium\"><div class=\"l-section-h i-cf\"><div class=\"g-cols vc_row via_flex valign_top type_default stacking_default\"><div class=\"vc_col-sm-12 wpb_column vc_column_container\"><div class=\"vc_column-inner\"><div class=\"wpb_wrapper\"><div class=\"w-separator size_medium\"><\/div><div class=\"wpb_text_column\"><div class=\"wpb_wrapper\"><h2 style=\"text-align: center;\">ASIA<\/h2>\n<\/div><\/div><div class=\"w-separator size_medium\"><\/div><div class=\"w-tabs style_default switch_click accordion has_scrolling\" style=\"--sections-title-size:inherit\"><div class=\"w-tabs-sections titles-align_none icon_none\"><div class=\"w-tabs-section\" id=\"g666\"><button class=\"w-tabs-section-header with_icon\" aria-controls=\"content-g666\" aria-expanded=\"false\"><i class=\"fas fa-flag\"><\/i><div class=\"w-tabs-section-title\">China<\/div><div class=\"w-tabs-section-control\"><\/div><\/button><div  class=\"w-tabs-section-content\" id=\"content-g666\"><div class=\"w-tabs-section-content-h i-cf\"><div class=\"w-separator size_medium\"><\/div><div class=\"w-actionbox color_primary controls_right\"><div class=\"w-actionbox-text\"><h5 class=\"w-actionbox-title\">SHANGHAI VEDOL MOLD INDUSTRY CO. LTD.<\/h5><div class=\"w-actionbox-description\"><p>ROOM 502 &#8211; 2 NO.25 CHENGZHONG ROAD JIADING DISTRICT 201800 SHANGHAI<\/p>\n<\/div><\/div><div class=\"w-actionbox-controls\"><a class=\"w-btn us-btn-style_1\" target=\" _blank\" rel=\"nofollow noopener\" href=\"https:\/\/goo.gl\/maps\/wNe4SJPz7MvVWB5k6\"><span class=\"w-btn-label\">Contact<\/span><\/a><\/div><\/div><div class=\"w-separator size_small\"><\/div><\/div><\/div><\/div><div class=\"w-tabs-section\" id=\"1575994986465-ea0a33e4-afdc\"><button class=\"w-tabs-section-header with_icon\" aria-controls=\"content-1575994986465-ea0a33e4-afdc\" aria-expanded=\"false\"><i class=\"fas fa-flag\"><\/i><div class=\"w-tabs-section-title\">Japan<\/div><div class=\"w-tabs-section-control\"><\/div><\/button><div  class=\"w-tabs-section-content\" id=\"content-1575994986465-ea0a33e4-afdc\"><div class=\"w-tabs-section-content-h i-cf\"><div class=\"w-separator size_medium\"><\/div><div class=\"w-actionbox color_primary controls_right\"><div class=\"w-actionbox-text\"><h5 class=\"w-actionbox-title\">TAIHEI BOEKI CO.LTD.<\/h5><div class=\"w-actionbox-description\"><p>NIHONBASHI HONCHO 2-2-2, CHUO-KU, TOKYO 103-0023 JAPAN<\/p>\n<\/div><\/div><div class=\"w-actionbox-controls\"><a class=\"w-btn us-btn-style_1\" target=\"_blank\" rel=\"nofollow noopener\" href=\"https:\/\/www.taiheiboeki.co.jp\"><span class=\"w-btn-label\">Contact<\/span><\/a><\/div><\/div><div class=\"w-separator size_small\"><\/div><\/div><\/div><\/div><div class=\"w-tabs-section\" id=\"tb9f\"><button class=\"w-tabs-section-header with_icon\" aria-controls=\"content-tb9f\" aria-expanded=\"false\"><i class=\"fas fa-flag\"><\/i><div class=\"w-tabs-section-title\">South Korea<\/div><div class=\"w-tabs-section-control\"><\/div><\/button><div  class=\"w-tabs-section-content\" id=\"content-tb9f\"><div class=\"w-tabs-section-content-h i-cf\"><div class=\"w-separator size_medium\"><\/div><div class=\"w-actionbox color_primary controls_right\"><div class=\"w-actionbox-text\"><h5 class=\"w-actionbox-title\">JINSAN COMMERCIAL CO. LTD<\/h5><div class=\"w-actionbox-description\"><p>#404, THE O-VALLEY BLDG 76, LS-RO, DONGAN-GU , ANYANG-SI GEYONGGI-DO, 14117<\/p>\n<\/div><\/div><div class=\"w-actionbox-controls\"><a class=\"w-btn us-btn-style_1\" target=\" _blank\" rel=\"nofollow noopener\" href=\"http:\/\/www.jiscco.com\/\"><span class=\"w-btn-label\">Contact<\/span><\/a><\/div><\/div><div class=\"w-separator size_small\"><\/div><\/div><\/div><\/div><\/div><\/div><div class=\"w-separator size_medium\"><\/div><\/div><\/div><\/div><\/div><\/div><\/section><section class=\"l-section wpb_row height_medium\"><div class=\"l-section-h i-cf\"><div class=\"g-cols vc_row via_flex valign_top type_default stacking_default\"><div class=\"vc_col-sm-12 wpb_column vc_column_container\"><div class=\"vc_column-inner\"><div class=\"wpb_wrapper\"><div class=\"w-separator size_medium\"><\/div><div class=\"wpb_text_column\"><div class=\"wpb_wrapper\"><h2 style=\"text-align: center;\">AFRICA<\/h2>\n<\/div><\/div><div class=\"w-separator size_medium\"><\/div><div class=\"w-tabs style_default switch_click accordion has_scrolling\" style=\"--sections-title-size:inherit\"><div class=\"w-tabs-sections titles-align_none icon_none\"><div class=\"w-tabs-section\" id=\"1575994986465-ea0a33e4-afdc\"><button class=\"w-tabs-section-header with_icon\" aria-controls=\"content-1575994986465-ea0a33e4-afdc\" aria-expanded=\"false\"><i class=\"fas fa-flag\"><\/i><div class=\"w-tabs-section-title\">Morocco<\/div><div class=\"w-tabs-section-control\"><\/div><\/button><div  class=\"w-tabs-section-content\" id=\"content-1575994986465-ea0a33e4-afdc\"><div class=\"w-tabs-section-content-h i-cf\"><div class=\"w-separator size_medium\"><\/div><div class=\"w-actionbox color_primary controls_right\"><div class=\"w-actionbox-text\"><h5 class=\"w-actionbox-title\">ROYME IMPORT EXPORT S.L.<\/h5><div class=\"w-actionbox-description\"><p>MARTINDEGI AUZOA 20, 20011 HERNANI GIPUZKOA<\/p>\n<\/div><\/div><div class=\"w-actionbox-controls\"><a class=\"w-btn us-btn-style_1\" target=\" _blank\" rel=\"nofollow\"><span class=\"w-btn-label\">Contact<\/span><\/a><\/div><\/div><div class=\"w-separator size_small\"><\/div><\/div><\/div><\/div><div class=\"w-tabs-section\" id=\"zeab\"><button class=\"w-tabs-section-header with_icon\" aria-controls=\"content-zeab\" aria-expanded=\"false\"><i class=\"fas fa-flag\"><\/i><div class=\"w-tabs-section-title\">South Africa<\/div><div class=\"w-tabs-section-control\"><\/div><\/button><div  class=\"w-tabs-section-content\" id=\"content-zeab\"><div class=\"w-tabs-section-content-h i-cf\"><div class=\"w-separator size_medium\"><\/div><div class=\"w-actionbox color_primary controls_right\"><div class=\"w-actionbox-text\"><h5 class=\"w-actionbox-title\">GLOBAL NATIONAL TOOLING<\/h5><div class=\"w-actionbox-description\"><p>30 FERRE\u0130RA CLOSE B\u0130RCHWOOD GAUTENG 1619<\/p>\n<\/div><\/div><div class=\"w-actionbox-controls\"><a class=\"w-btn us-btn-style_1\" target=\" _blank\" rel=\"nofollow noopener\" href=\"https:\/\/goo.gl\/maps\/fuSKa1tdu1BeXqQM7\"><span class=\"w-btn-label\">Contact<\/span><\/a><\/div><\/div><div class=\"w-separator size_small\"><\/div><\/div><\/div><\/div><\/div><\/div><div class=\"w-separator size_medium\"><\/div><\/div><\/div><\/div><\/div><\/div><\/section>\n","protected":false},"excerpt":{"rendered":"AMERICAS The United States of AmericaJOLICO\/J-B TOOL INC.4325 22 Mile Road Utica, MI 48317 USA ContactBrazilBYR COMPONENTES PARA MOLDES LTDARUA ANGELO PICOLI, 189 STA TEREZINHA SAO BERNARDO DO CAMPO SP ContactSPECIAL SPRINGS DO BRASIL LTDAAV. DOM PEDRO I, 2156, VILA PIRES - SP ContactEUROPE Czech RepublicE &#8211; Normalie servis s.r.o.Rybn\u00e1 716\/24, Star\u00e9 M\u011bsto 110 00...","protected":false},"author":5,"featured_media":0,"parent":0,"menu_order":1841,"comment_status":"closed","ping_status":"closed","template":"","meta":{"_acf_changed":false,"footnotes":""},"class_list":["post-44202","page","type-page","status-publish","hentry"],"acf":[],"_links":{"self":[{"href":"https:\/\/www.gsb-oilless.com\/pt-pt\/wp-json\/wp\/v2\/pages\/44202","targetHints":{"allow":["GET"]}}],"collection":[{"href":"https:\/\/www.gsb-oilless.com\/pt-pt\/wp-json\/wp\/v2\/pages"}],"about":[{"href":"https:\/\/www.gsb-oilless.com\/pt-pt\/wp-json\/wp\/v2\/types\/page"}],"author":[{"embeddable":true,"href":"https:\/\/www.gsb-oilless.com\/pt-pt\/wp-json\/wp\/v2\/users\/5"}],"replies":[{"embeddable":true,"href":"https:\/\/www.gsb-oilless.com\/pt-pt\/wp-json\/wp\/v2\/comments?post=44202"}],"version-history":[{"count":0,"href":"https:\/\/www.gsb-oilless.com\/pt-pt\/wp-json\/wp\/v2\/pages\/44202\/revisions"}],"wp:attachment":[{"href":"https:\/\/www.gsb-oilless.com\/pt-pt\/wp-json\/wp\/v2\/media?parent=44202"}],"curies":[{"name":"wp","href":"https:\/\/api.w.org\/{rel}","templated":true}]}}