{"id":39364,"date":"2013-05-31T11:57:37","date_gmt":"2013-05-31T08:57:37","guid":{"rendered":"https:\/\/www.gsb-oilless.com\/about\/"},"modified":"2025-10-30T11:58:45","modified_gmt":"2025-10-30T08:58:45","slug":"a-propos-de-nous","status":"publish","type":"page","link":"https:\/\/www.gsb-oilless.com\/fr\/a-propos-de-nous\/","title":{"rendered":"A propos de nous"},"content":{"rendered":"<section class=\"l-section wpb_row us_custom_82a17ce1 height_medium\"><div class=\"l-section-h i-cf\"><div class=\"g-cols vc_row via_flex valign_top type_default stacking_default\"><div class=\"vc_col-sm-12 wpb_column vc_column_container\"><div class=\"vc_column-inner\"><div class=\"wpb_wrapper\"><div class=\"g-cols wpb_row via_flex valign_top type_default stacking_default\"><div class=\"vc_col-sm-3 wpb_column vc_column_container\"><div class=\"vc_column-inner\"><div class=\"wpb_wrapper\"><div class=\"w-image us_custom_9cf479d2 align_none\"><div class=\"w-image-h\"><img decoding=\"async\" width=\"239\" height=\"350\" src=\"https:\/\/www.gsb-oilless.com\/wp-content\/uploads\/2020\/10\/ABOUT-US.jpg\" class=\"attachment-us_350_350 size-us_350_350\" alt=\"\" loading=\"lazy\" srcset=\"https:\/\/www.gsb-oilless.com\/wp-content\/uploads\/2020\/10\/ABOUT-US.jpg 1280w, https:\/\/www.gsb-oilless.com\/wp-content\/uploads\/2020\/10\/ABOUT-US-205x300.jpg 205w, https:\/\/www.gsb-oilless.com\/wp-content\/uploads\/2020\/10\/ABOUT-US-700x1024.jpg 700w, https:\/\/www.gsb-oilless.com\/wp-content\/uploads\/2020\/10\/ABOUT-US-273x400.jpg 273w, https:\/\/www.gsb-oilless.com\/wp-content\/uploads\/2020\/10\/ABOUT-US-219x320.jpg 219w, https:\/\/www.gsb-oilless.com\/wp-content\/uploads\/2020\/10\/ABOUT-US-239x350.jpg 239w\" sizes=\"auto, (max-width: 239px) 100vw, 239px\" \/><\/div><\/div><\/div><\/div><\/div><div class=\"vc_col-sm-9 wpb_column vc_column_container\"><div class=\"vc_column-inner\"><div class=\"wpb_wrapper\"><div class=\"wpb_text_column\"><div class=\"wpb_wrapper\"><p><strong>Plus qu&rsquo;une entreprise :<br \/>\n<\/strong><\/p>\n<p>GSB OILLESS a \u00e9t\u00e9 cr\u00e9\u00e9e en 1996 \u00e0 Istanbul en tant que soci\u00e9t\u00e9 commerciale avec une mission essentielle et ambitieuse visant \u00e0 fournir des services exceptionnels et des \u00e9quipements de premi\u00e8re qualit\u00e9 destin\u00e9s aux outils de presse et emboutissage de la t\u00f4le.<\/p>\n<p>En 5 ans, nous avons r\u00e9ussi \u00e0 acqu\u00e9rir une part de march\u00e9 importante et nous nous sommes affirm\u00e9s comme les leaders en Turquie. Nous avons adapt\u00e9 notre objectif, passant du commerce \u00e0 la production, et avons poursuivi notre mission pour devenir un acteur mondial majeur. Aujourd&rsquo;hui, depuis 1996, nous fabriquons et exportons vers presque tous les grands groupes automobiles sur 3 continents diff\u00e9rents et dans plus de 15 pays.<\/p>\n<p>Nous reconnaissons sinc\u00e8rement que notre croissance est la preuve d\u00e9finitive de la passion que nos employ\u00e9s ont consacr\u00e9e \u00e0 cette entreprise. C\u2019est pourquoi une part importante de nos b\u00e9n\u00e9fices est utilis\u00e9e pour rendre notre lieu de travail plus s\u00fbr et plus accueillant. Chez GSB OILLESS, nous investissons dans les processus productifs, la technologie et surtout dans notre capital humain.<\/p>\n<\/div><\/div><\/div><\/div><\/div><\/div><div class=\"w-separator size_huge\"><\/div><div class=\"g-cols wpb_row via_flex valign_top type_default stacking_default\"><div class=\"vc_col-sm-3 wpb_column vc_column_container\"><div class=\"vc_column-inner\"><div class=\"wpb_wrapper\"><div class=\"w-counter us_custom_5bdb182a color_custom align_center has_font_size\" data-duration=\"2\"><div class=\"w-counter-value\" style=\"color:#E30613;\"><span class=\"w-counter-value-part type_text\" data-final=\"\"><\/span><span class=\"w-counter-value-part type_number\" data-final=\"5000\">2<\/span><span class=\"w-counter-value-part type_text\" data-final=\"+\"><\/span><\/div><h3 class=\"w-counter-title\" style=\"font-size:17px;\">Area di produzione di metri quadrati<\/h3><\/div><\/div><\/div><\/div><div class=\"vc_col-sm-3 wpb_column vc_column_container\"><div class=\"vc_column-inner\"><div class=\"wpb_wrapper\"><div class=\"w-counter us_custom_5bdb182a color_custom align_center has_font_size\" data-duration=\"2\"><div class=\"w-counter-value\" style=\"color:#E30613;\"><span class=\"w-counter-value-part type_text\" data-final=\"\"><\/span><span class=\"w-counter-value-part type_number\" data-final=\"11000\">2<\/span><span class=\"w-counter-value-part type_text\" data-final=\"+\"><\/span><\/div><h3 class=\"w-counter-title\" style=\"font-size:17px;\">Codici prodotto<\/h3><\/div><\/div><\/div><\/div><div class=\"vc_col-sm-3 wpb_column vc_column_container\"><div class=\"vc_column-inner\"><div class=\"wpb_wrapper\"><div class=\"w-counter us_custom_5bdb182a color_custom align_center has_font_size\" data-duration=\"2\"><div class=\"w-counter-value\" style=\"color:#E30613;\"><span class=\"w-counter-value-part type_text\" data-final=\"\"><\/span><span class=\"w-counter-value-part type_number\" data-final=\"60\">2<\/span><span class=\"w-counter-value-part type_text\" data-final=\"+\"><\/span><\/div><h3 class=\"w-counter-title\" style=\"font-size:17px;\">Dipendenti<\/h3><\/div><\/div><\/div><\/div><div class=\"vc_col-sm-3 wpb_column vc_column_container\"><div class=\"vc_column-inner\"><div class=\"wpb_wrapper\"><div class=\"w-counter us_custom_5bdb182a color_custom align_center has_font_size\" data-duration=\"2\"><div class=\"w-counter-value\" style=\"color:#E30613;\"><span class=\"w-counter-value-part type_text\" data-final=\"\"><\/span><span class=\"w-counter-value-part type_number\" data-final=\"20\">2<\/span><span class=\"w-counter-value-part type_text\" data-final=\"+\"><\/span><\/div><h3 class=\"w-counter-title\" style=\"font-size:17px;\">Rivenditori in tutto il mondo<\/h3><\/div><\/div><\/div><\/div><\/div><div class=\"g-cols wpb_row via_flex valign_top type_default stacking_default\"><div class=\"vc_col-sm-12 wpb_column vc_column_container\"><div class=\"vc_column-inner\"><div class=\"wpb_wrapper\"><div class=\"w-separator size_huge\"><\/div><div class=\"wpb_text_column\"><div class=\"wpb_wrapper\"><h4>Notre Politique de Qualit\u00e9, d\u2019Environnement, de Sant\u00e9 et de S\u00e9curit\u00e9 au Travail<\/h4>\n<ul>\n<li>Respecter toutes les obligations l\u00e9gales et autres en mati\u00e8re de Qualit\u00e9, d\u2019Environnement, de Sant\u00e9 et de S\u00e9curit\u00e9 au Travail,<\/li>\n<li>Adopter le principe selon lequel les activit\u00e9s li\u00e9es \u00e0 la Qualit\u00e9, \u00e0 l\u2019Environnement, \u00e0 la Sant\u00e9 et \u00e0 la S\u00e9curit\u00e9 au Travail sont une responsabilit\u00e9 partag\u00e9e par tous les employ\u00e9s, y compris les stagiaires, les visiteurs et le personnel des sous-traitants,<\/li>\n<li>Assurer la mise en \u0153uvre du principe de Participation et de Consultation dans tous les processus li\u00e9s \u00e0 la Sant\u00e9 et \u00e0 la S\u00e9curit\u00e9 au Travail,<\/li>\n<li>Fixer des objectifs pour encourager la participation de tous les employ\u00e9s aux activit\u00e9s d\u2019\u00e9valuation et de r\u00e9duction des risques,<\/li>\n<li>Planifier, contr\u00f4ler et am\u00e9liorer continuellement toutes nos activit\u00e9s selon le principe \u00ab la sant\u00e9 et la s\u00e9curit\u00e9 avant tout \u00bb,<\/li>\n<li>Cr\u00e9er un environnement de travail sain et \u00e9lever la sant\u00e9 et la s\u00e9curit\u00e9 au travail au plus haut niveau,<\/li>\n<li>Am\u00e9liorer continuellement notre culture d\u2019entreprise en mati\u00e8re de Sant\u00e9 et de S\u00e9curit\u00e9 au Travail afin d\u2019atteindre l\u2019objectif durable de \u00ab Z\u00e9ro Accident \u00bb,<\/li>\n<li>Utiliser les ressources naturelles de mani\u00e8re efficace et efficiente et minimiser les d\u00e9chets,<\/li>\n<li>G\u00e9rer tous les d\u00e9chets dans le cadre du \u00ab Projet Z\u00e9ro D\u00e9chet \u00bb,<\/li>\n<li>Allouer les ressources n\u00e9cessaires et mener les activit\u00e9s pertinentes afin d\u2019assurer la protection et la durabilit\u00e9 de l\u2019environnement,<\/li>\n<li>Documenter, certifier et am\u00e9liorer en permanence notre syst\u00e8me de gestion environnementale conform\u00e9ment aux normes internationales,<\/li>\n<li>Continuer \u00e0 travailler pour maintenir la satisfaction du client au plus haut niveau,<\/li>\n<li>Am\u00e9liorer continuellement nos processus afin de garantir que nos produits soient conformes aux normes nationales et internationales,<\/li>\n<li>Planifier et assurer la continuit\u00e9 de nos processus, produits et services conform\u00e9ment aux exigences l\u00e9gales et sp\u00e9cifiques des clients,<\/li>\n<li>Suivre les d\u00e9veloppements technologiques du secteur et accro\u00eetre notre capacit\u00e9 de production,<\/li>\n<li>Entreprendre des actions visant \u00e0 garantir la continuit\u00e9 de l\u2019homologation de nos produits de haute qualit\u00e9,<\/li>\n<li>Am\u00e9liorer la productivit\u00e9 de nos employ\u00e9s gr\u00e2ce \u00e0 des formations internes et externes,<\/li>\n<li>Atteindre les objectifs de l\u2019entreprise et des d\u00e9partements dans un esprit d\u2019\u00e9quipe, en s\u2019appuyant sur nos politiques et valeurs fondamentales.<\/li>\n<\/ul>\n<h4>Notre Vision<\/h4>\n<p>Devenir un fournisseur agr\u00e9\u00e9 de produits et de services pour tous les constructeurs automobiles du monde.<\/p>\n<h4>Notre Mission<\/h4>\n<p>\u00catre un leader dans l\u2019innovation du secteur en respectant les personnes et la soci\u00e9t\u00e9, en se conformant aux principes l\u00e9gaux, \u00e9conomiques et \u00e9thiques, et en agissant avec sensibilit\u00e9 envers la sant\u00e9, la s\u00e9curit\u00e9 et l\u2019environnement ; assurer un d\u00e9veloppement continu \u00e0 la fois individuel et organisationnel ; offrir toutes les possibilit\u00e9s de la technologie \u00e0 nos employ\u00e9s et clients ; maintenir un environnement de travail ax\u00e9 sur les valeurs sociales et devenir une entreprise o\u00f9 il fait bon travailler et avec laquelle il est agr\u00e9able de collaborer.<\/p>\n<h4>Nos Valeurs<\/h4>\n<p>L\u2019honn\u00eatet\u00e9, l\u2019int\u00e9grit\u00e9, la justice, le respect et la confiance sont nos principes fondamentaux. Nous nous effor\u00e7ons d\u2019offrir \u00e0 nos clients le meilleur service possible en garantissant un juste rapport qualit\u00e9\/prix. Nous ne faisons pas de promesses que nous ne pouvons pas tenir.<\/p>\n<p>Le respect de l\u2019environnement, la pr\u00e9vention et la r\u00e9duction de la pollution, ainsi que l\u2019utilisation de toutes les ressources disponibles pour cr\u00e9er un environnement de travail sain et \u00e9lever la sant\u00e9 et la s\u00e9curit\u00e9 au travail au plus haut niveau, sont des engagements concrets et durables de notre entreprise.<\/p>\n<p>\n<\/div><\/div><div class=\"wpb_text_column\"><div class=\"wpb_wrapper\"><h4>Pilot\u00e9 par la pr\u00e9cision et l&rsquo;ambition<\/h4>\n<p>La recherche de la pr\u00e9cision et de la responsabilit\u00e9 sociale nous a permis d&rsquo;obtenir la certification ISO 9001 pour les syst\u00e8mes de gestion de la qualit\u00e9, la certification ISO 14001 pour les syst\u00e8mes de gestion de l&rsquo;environnement et la certification ISO 45001 pour les syst\u00e8mes de gestion de la sant\u00e9 et de la s\u00e9curit\u00e9 au travail.<\/p>\n<\/div><\/div><\/div><\/div><\/div><\/div><div class=\"w-separator size_small\"><\/div><\/div><\/div><\/div><\/div><\/div><\/section><section class=\"l-section wpb_row height_auto\"><div class=\"l-section-h i-cf\"><div class=\"g-cols vc_row via_flex valign_top type_default stacking_default\"><div class=\"vc_col-sm-4 wpb_column vc_column_container\"><div class=\"vc_column-inner\"><div class=\"wpb_wrapper\"><div class=\"w-image align_center\"><a target=\"_blank\" rel=\"nofollow\" href=\"https:\/\/www.gsb-oilless.com\/wp-content\/uploads\/2024\/04\/9001-en.pdf\" aria-label=\"9001-en\" class=\"w-image-h\"><img decoding=\"async\" width=\"707\" height=\"1000\" src=\"https:\/\/www.gsb-oilless.com\/wp-content\/uploads\/2024\/04\/9001-en.jpg\" class=\"attachment-full size-full\" alt=\"\" loading=\"lazy\" srcset=\"https:\/\/www.gsb-oilless.com\/wp-content\/uploads\/2024\/04\/9001-en.jpg 707w, https:\/\/www.gsb-oilless.com\/wp-content\/uploads\/2024\/04\/9001-en-212x300.jpg 212w, https:\/\/www.gsb-oilless.com\/wp-content\/uploads\/2024\/04\/9001-en-226x320.jpg 226w, https:\/\/www.gsb-oilless.com\/wp-content\/uploads\/2024\/04\/9001-en-283x400.jpg 283w, https:\/\/www.gsb-oilless.com\/wp-content\/uploads\/2024\/04\/9001-en-247x350.jpg 247w\" sizes=\"auto, (max-width: 707px) 100vw, 707px\" \/><\/a><\/div><div class=\"wpb_text_column\"><div class=\"wpb_wrapper\"><h5 style=\"text-align: center;\">ISO 9001:2015<\/h5>\n<\/div><\/div><\/div><\/div><\/div><div class=\"vc_col-sm-4 wpb_column vc_column_container\"><div class=\"vc_column-inner\"><div class=\"wpb_wrapper\"><div class=\"w-image align_center\"><a target=\"_blank\" rel=\"nofollow\" href=\"https:\/\/www.gsb-oilless.com\/wp-content\/uploads\/2024\/04\/14001-en.pdf\" aria-label=\"14001-en\" class=\"w-image-h\"><img decoding=\"async\" width=\"707\" height=\"1000\" src=\"https:\/\/www.gsb-oilless.com\/wp-content\/uploads\/2024\/04\/14001-en.jpg\" class=\"attachment-full size-full\" alt=\"\" loading=\"lazy\" srcset=\"https:\/\/www.gsb-oilless.com\/wp-content\/uploads\/2024\/04\/14001-en.jpg 707w, https:\/\/www.gsb-oilless.com\/wp-content\/uploads\/2024\/04\/14001-en-212x300.jpg 212w, https:\/\/www.gsb-oilless.com\/wp-content\/uploads\/2024\/04\/14001-en-226x320.jpg 226w, https:\/\/www.gsb-oilless.com\/wp-content\/uploads\/2024\/04\/14001-en-283x400.jpg 283w, https:\/\/www.gsb-oilless.com\/wp-content\/uploads\/2024\/04\/14001-en-247x350.jpg 247w\" sizes=\"auto, (max-width: 707px) 100vw, 707px\" \/><\/a><\/div><div class=\"wpb_text_column\"><div class=\"wpb_wrapper\"><h5 style=\"text-align: center;\">ISO 14001:2015<\/h5>\n<\/div><\/div><\/div><\/div><\/div><div class=\"vc_col-sm-4 wpb_column vc_column_container\"><div class=\"vc_column-inner\"><div class=\"wpb_wrapper\"><div class=\"w-image align_center\"><a target=\"_blank\" rel=\"nofollow\" href=\"https:\/\/www.gsb-oilless.com\/wp-content\/uploads\/2024\/04\/45001-en.pdf\" aria-label=\"45001-en\" class=\"w-image-h\"><img decoding=\"async\" width=\"707\" height=\"1000\" src=\"https:\/\/www.gsb-oilless.com\/wp-content\/uploads\/2024\/04\/45001-en.jpg\" class=\"attachment-full size-full\" alt=\"\" loading=\"lazy\" srcset=\"https:\/\/www.gsb-oilless.com\/wp-content\/uploads\/2024\/04\/45001-en.jpg 707w, https:\/\/www.gsb-oilless.com\/wp-content\/uploads\/2024\/04\/45001-en-212x300.jpg 212w, https:\/\/www.gsb-oilless.com\/wp-content\/uploads\/2024\/04\/45001-en-226x320.jpg 226w, https:\/\/www.gsb-oilless.com\/wp-content\/uploads\/2024\/04\/45001-en-283x400.jpg 283w, https:\/\/www.gsb-oilless.com\/wp-content\/uploads\/2024\/04\/45001-en-247x350.jpg 247w\" sizes=\"auto, (max-width: 707px) 100vw, 707px\" \/><\/a><\/div><div class=\"wpb_text_column\"><div class=\"wpb_wrapper\"><h5 style=\"text-align: center;\">ISO 45001:2018<\/h5>\n<\/div><\/div><\/div><\/div><\/div><\/div><\/div><\/section><section class=\"l-section wpb_row height_medium\"><div class=\"l-section-h i-cf\"><div class=\"g-cols vc_row via_flex valign_top type_default stacking_default\"><div class=\"vc_col-sm-12 wpb_column vc_column_container\"><div class=\"vc_column-inner\"><div class=\"wpb_wrapper\"><div class=\"w-separator size_large\"><\/div><\/div><\/div><\/div><\/div><\/div><\/section>\n","protected":false},"excerpt":{"rendered":"Plus qu&rsquo;une entreprise : GSB OILLESS a \u00e9t\u00e9 cr\u00e9\u00e9e en 1996 \u00e0 Istanbul en tant que soci\u00e9t\u00e9 commerciale avec une mission essentielle et ambitieuse visant \u00e0 fournir des services exceptionnels et des \u00e9quipements de premi\u00e8re qualit\u00e9 destin\u00e9s aux outils de presse et emboutissage de la t\u00f4le. En 5 ans, nous avons r\u00e9ussi \u00e0 acqu\u00e9rir une...","protected":false},"author":5,"featured_media":38154,"parent":0,"menu_order":1871,"comment_status":"closed","ping_status":"closed","template":"","meta":{"_acf_changed":false,"footnotes":""},"class_list":["post-39364","page","type-page","status-publish","has-post-thumbnail","hentry"],"acf":[],"_links":{"self":[{"href":"https:\/\/www.gsb-oilless.com\/fr\/wp-json\/wp\/v2\/pages\/39364","targetHints":{"allow":["GET"]}}],"collection":[{"href":"https:\/\/www.gsb-oilless.com\/fr\/wp-json\/wp\/v2\/pages"}],"about":[{"href":"https:\/\/www.gsb-oilless.com\/fr\/wp-json\/wp\/v2\/types\/page"}],"author":[{"embeddable":true,"href":"https:\/\/www.gsb-oilless.com\/fr\/wp-json\/wp\/v2\/users\/5"}],"replies":[{"embeddable":true,"href":"https:\/\/www.gsb-oilless.com\/fr\/wp-json\/wp\/v2\/comments?post=39364"}],"version-history":[{"count":0,"href":"https:\/\/www.gsb-oilless.com\/fr\/wp-json\/wp\/v2\/pages\/39364\/revisions"}],"wp:featuredmedia":[{"embeddable":true,"href":"https:\/\/www.gsb-oilless.com\/fr\/wp-json\/wp\/v2\/media\/38154"}],"wp:attachment":[{"href":"https:\/\/www.gsb-oilless.com\/fr\/wp-json\/wp\/v2\/media?parent=39364"}],"curies":[{"name":"wp","href":"https:\/\/api.w.org\/{rel}","templated":true}]}}