{"id":39394,"date":"2020-06-02T16:12:10","date_gmt":"2020-06-02T13:12:10","guid":{"rendered":"https:\/\/www.gsb-oilless.com\/cad-search\/"},"modified":"2023-03-27T11:19:30","modified_gmt":"2023-03-27T08:19:30","slug":"busqueda-cad","status":"publish","type":"page","link":"https:\/\/www.gsb-oilless.com\/es\/busqueda-cad\/","title":{"rendered":"B\u00fasqueda CAD"},"content":{"rendered":"<section class=\"l-section wpb_row us_custom_46af2209 usbbb height_medium\"><div class=\"l-section-h i-cf\"><div class=\"g-cols vc_row via_flex valign_top type_default stacking_default\"><div class=\"vc_col-sm-6 wpb_column vc_column_container\"><div class=\"vc_column-inner us_custom_34d125d9\"><div class=\"wpb_wrapper\"><div class=\"wpb_text_column\"><div class=\"wpb_wrapper\"><div class='w3eden'><!-- WPDM Link Template: Default Template -->\n\n<div class=\"link-template-default card mb-2\">\n    <div class=\"card-body\">\n        <div class=\"media\">\n            <div class=\"mr-3 img-48\"><img decoding=\"async\" class=\"wpdm_icon\" alt=\"Icono\" src=\"https:\/\/www.gsb-oilless.com\/wp-content\/plugins\/download-manager\/assets\/file-type-icons\/zip.svg\" \/><\/div>\n            <div class=\"media-body\">\n                <h3 class=\"package-title\"><a href='https:\/\/www.gsb-oilless.com\/download\/usb-flash-drive-01-01-2024\/'>USB Flash Drive 01.01.2024<\/a><\/h3>\n                <div class=\"text-muted text-small\"><i class=\"fas fa-copy\"><\/i> 1 archivo(s) <i class=\"fas fa-hdd ml-3\"><\/i> 269.05 MB<\/div>\n            <\/div>\n            <div class=\"ml-3\">\n                <a class='wpdm-download-link download-on-click btn btn-primary '  rel='nofollow' href='#' data-downloadurl=\"https:\/\/www.gsb-oilless.com\/download\/usb-flash-drive-01-01-2024\/?wpdmdl=20204&refresh=69e3b29e9269a1776530078\">Descargar<\/a>\n            <\/div>\n        <\/div>\n    <\/div>\n<\/div>\n\n<\/div>\n<\/div><\/div><\/div><\/div><\/div><div class=\"vc_col-sm-6 wpb_column vc_column_container\"><div class=\"vc_column-inner us_custom_f06ed429\"><div class=\"wpb_wrapper\"><div class=\"wpb_text_column\"><div class=\"wpb_wrapper\"><p style=\"text-align: right;\"><div class='w3eden'><!-- WPDM Link Template: Default Template -->\n\n<div class=\"link-template-default card mb-2\">\n    <div class=\"card-body\">\n        <div class=\"media\">\n            <div class=\"mr-3 img-48\"><img decoding=\"async\" class=\"wpdm_icon\" alt=\"Icono\" src=\"https:\/\/www.gsb-oilless.com\/wp-content\/plugins\/download-manager\/assets\/file-type-icons\/pdf.svg\" \/><\/div>\n            <div class=\"media-body\">\n                <h3 class=\"package-title\"><a href='https:\/\/www.gsb-oilless.com\/download\/usb_instruction-pdf\/'>USB_Instruction.pdf<\/a><\/h3>\n                <div class=\"text-muted text-small\"><i class=\"fas fa-copy\"><\/i> 1 archivo(s) <i class=\"fas fa-hdd ml-3\"><\/i> 712.97 KB<\/div>\n            <\/div>\n            <div class=\"ml-3\">\n                <a class='wpdm-download-link download-on-click btn btn-primary '  rel='nofollow' href='#' data-downloadurl=\"https:\/\/www.gsb-oilless.com\/download\/usb_instruction-pdf\/?wpdmdl=20216&refresh=69e3b29f4c7f51776530079\">Descargar<\/a>\n            <\/div>\n        <\/div>\n    <\/div>\n<\/div>\n\n<\/div>\n<\/div><\/div><\/div><\/div><\/div><\/div><\/div><\/section><section class=\"l-section wpb_row us_custom_413b1157 zerototop height_small\" id=\"zerototop\"><div class=\"l-section-h i-cf\"><div class=\"g-cols vc_row via_flex valign_top type_default stacking_default\"><div class=\"vc_col-sm-12 wpb_column vc_column_container\"><div class=\"vc_column-inner\"><div class=\"wpb_wrapper\"><div class=\"w-separator size_small\"><\/div><div class=\"wpb_text_column\"><div class=\"wpb_wrapper\"><div class=\"w3eden\">\n\n    <div class=\"card wpdmap-header-card\">\n        <div class=\"card-body\">\n            <form id=\"srcp\" style=\"margin-bottom: 10px\">\n    <div class=\"row\">\n        <input type=\"hidden\" name=\"category\" id=\"initc\" value=\"0\" \/>\n        <div class=\"col-md-3\">\n            <label for=\"src\">Busque en:<\/label>\n            <div class=\"input-group input-src\">\n                <input type=\"text\" class=\"form-control\" name=\"src\" placeholder=\"Busque en\" id=\"src\">\n                <div class=\"input-group-append input-group-btn\">\n                    <button class=\"btn\" type=\"submit\"><i class=\"fas fa-search\"><\/i><\/button>\n                <\/div>\n            <\/div>\n        <\/div>\n\n        <div class='col-md-3'>\n            <label for=\"wpdm-cats-compact\">Categor\u00eda:<\/label>\n            <select  name='wpdm-cats-compact' id='wpdm-cats-compact' class='form-control wpdm-custom-select'>\n\t<option value='-1'>Seleccionar Categor\u00eda\n<\/option>\n\t<option class=\"level-0\" value=\"141\">Carros<\/option>\n\t<option class=\"level-0\" value=\"106\">Elementos de Guiado<\/option>\n\t<option class=\"level-0\" value=\"103\">Elementos de Transporte<\/option>\n\t<option class=\"level-0\" value=\"109\">Elementos Normalizados<\/option>\n\t<option class=\"level-0\" value=\"112\">USB Flash Drive<\/option>\n<\/select>\n        <\/div>\n\n        <div class=\"col-md-3\">\n            <label for=\"orderby\">Pedir por:<\/label>\n                <select name=\"orderby\" id=\"orderby\" class=\"form-control wpdm-custom-select\">\n                    <option value=\"date\" >Fecha de Publicaci\u00f3n\n<\/option>\n                    <option value=\"title\" >T\u00edtulo<\/option>\n                    <option value=\"modified\" >\u00daltima Actualizaci\u00f3n\n<\/option>\n                    <option value=\"view_count\" >Ver\n<\/option>\n                    <option value=\"download_count\" >Cuenta de Descarga\n<\/option>\n                    <option value=\"package_size_b\" >Tama\u00f1o\n<\/option>\n            <\/select>\n            <\/div>\n        <div class=\"col-md-3\">\n            <label for=\"order\">Pedido :<\/label>\n            <select name=\"order\" id=\"order\" class=\"form-control wpdm-custom-select\">\n                <option value=\"DESC\">Orden Descendente\n<\/option>\n                <option value=\"ASC\"  selected='selected'>Orden Ascendente\n<\/option>\n            <\/select>\n        <\/div>\n\n    <\/div>\n<\/form>\n        <\/div>\n        <div class=\"card-footer\">\n            <div class=\"row\">\n    <div class=\"col-md-12\">\n        <div class=\"breadcrumbx\">\n            <span><a href=\"#\" id=\"wpdm-archive-page-home\">Inicio<\/a><span class=\"bcsep\"><\/span><\/span>\n            <span id=\"inp\"> Todas las descargas<\/span>\n        <\/div>\n    <\/div>\n<\/div>        <\/div>\n    <\/div>\n\n\n    <div class='wpdm-downloads' id='wpdm-downloads'>\n\n    <div class=\"card\">\n        <div class=\"card-body text-center p-5\">\n            Seleccione la categor\u00eda o busque...        <\/div>\n    <\/div>\n\n<\/div>\n\n<\/div>\n<script>\n    var wpdmap_params = 'gIXYUqyXCkxhCwyUb0EaOqV33ZTv1cPE5Un8otYdL2OL3vNyA8uad1icqBfQrB5q9tV8z1eFt81xf1iCuDGt6gZU26KOHwrV9bZ-HbXG_H8_oY1Mu_YuiWH5CbapCMpWbFx4mUduzTeEouSaqSGJT2n8KASzEy_RI7TeMAxNIKTHXngj_bUNKjol9D_9elFNQjccRegMwPPWXzrm7m1pwA';\n<\/script>\n\n<\/div><\/div><\/div><\/div><\/div><\/div><\/div><\/section>\n","protected":false},"excerpt":{"rendered":"USB Flash Drive 01.01.2024 1 archivo(s) 269.05 MB Descargar USB_Instruction.pdf 1 archivo(s) 712.97 KB Descargar Busque en: Categor\u00eda: Seleccionar Categor\u00eda Carros Elementos de Guiado Elementos de Transporte Elementos Normalizados USB Flash Drive Pedir por: Fecha de Publicaci\u00f3n T\u00edtulo \u00daltima Actualizaci\u00f3n Ver Cuenta de Descarga Tama\u00f1o Pedido : Orden Descendente Orden Ascendente Inicio Todas las descargas...","protected":false},"author":5,"featured_media":38042,"parent":0,"menu_order":1893,"comment_status":"closed","ping_status":"closed","template":"","meta":{"_acf_changed":false,"footnotes":""},"class_list":["post-39394","page","type-page","status-publish","has-post-thumbnail","hentry"],"acf":[],"_links":{"self":[{"href":"https:\/\/www.gsb-oilless.com\/es\/wp-json\/wp\/v2\/pages\/39394","targetHints":{"allow":["GET"]}}],"collection":[{"href":"https:\/\/www.gsb-oilless.com\/es\/wp-json\/wp\/v2\/pages"}],"about":[{"href":"https:\/\/www.gsb-oilless.com\/es\/wp-json\/wp\/v2\/types\/page"}],"author":[{"embeddable":true,"href":"https:\/\/www.gsb-oilless.com\/es\/wp-json\/wp\/v2\/users\/5"}],"replies":[{"embeddable":true,"href":"https:\/\/www.gsb-oilless.com\/es\/wp-json\/wp\/v2\/comments?post=39394"}],"version-history":[{"count":0,"href":"https:\/\/www.gsb-oilless.com\/es\/wp-json\/wp\/v2\/pages\/39394\/revisions"}],"wp:featuredmedia":[{"embeddable":true,"href":"https:\/\/www.gsb-oilless.com\/es\/wp-json\/wp\/v2\/media\/38042"}],"wp:attachment":[{"href":"https:\/\/www.gsb-oilless.com\/es\/wp-json\/wp\/v2\/media?parent=39394"}],"curies":[{"name":"wp","href":"https:\/\/api.w.org\/{rel}","templated":true}]}}