{"id":39389,"date":"2020-09-04T16:58:27","date_gmt":"2020-09-04T13:58:27","guid":{"rendered":"https:\/\/www.gsb-oilless.com\/products\/"},"modified":"2025-12-22T10:10:40","modified_gmt":"2025-12-22T07:10:40","slug":"productos","status":"publish","type":"page","link":"https:\/\/www.gsb-oilless.com\/es\/productos\/","title":{"rendered":"Productos"},"content":{"rendered":"<section class=\"l-section wpb_row us_custom_66c01d21 height_medium width_full\" id=\"zeroall\"><div class=\"l-section-h i-cf\"><div class=\"g-cols vc_row via_flex valign_top type_default stacking_default\"><div class=\"vc_col-sm-6 wpb_column vc_column_container has_bg_color\"><div class=\"vc_column-inner us_custom_1106a058\"><div class=\"wpb_wrapper\"><div class=\"w-iconbox us_custom_ba2dd4f6 has_text_color iconpos_left style_default color_custom align_center no_text\"><a title=\"CAT\u00c1LOGOS\" href=\"https:\/\/www.gsb-oilless.com\/CAT\u00c1LOGOS\/\" class=\"w-iconbox-link\" aria-label=\"CAT\u00c1LOGOS\n01.11.2022\"><div class=\"w-iconbox-icon\" style=\"font-size:3rem;--icon-color:#ffffff;\"><i class=\"fas fa-book-reader\"><\/i><\/div><\/a><div class=\"w-iconbox-meta\"><a title=\"CAT\u00c1LOGOS\" href=\"https:\/\/www.gsb-oilless.com\/CAT\u00c1LOGOS\/\" class=\"w-iconbox-link\" aria-label=\"CAT\u00c1LOGOS\n01.11.2022\"><h3 class=\"w-iconbox-title\">CAT\u00c1LOGOS<br \/>\n01.11.2022<\/h3><\/a><\/div><\/div><\/div><\/div><\/div><div class=\"vc_col-sm-6 wpb_column vc_column_container has_bg_color\"><div class=\"vc_column-inner us_custom_7ae81fe9\"><div class=\"wpb_wrapper\"><div class=\"w-iconbox us_custom_ba2dd4f6 has_text_color iconpos_left style_default color_custom align_center no_text\"><a title=\"CAD Search\" href=\"https:\/\/www.gsb-oilless.com\/cad-search\/\" class=\"w-iconbox-link\" aria-label=\"B\u00fasqueda CAD\"><div class=\"w-iconbox-icon\" style=\"font-size:3rem;--icon-color:#ffffff;\"><i class=\"fas fa-search-plus\"><\/i><\/div><\/a><div class=\"w-iconbox-meta\"><a title=\"CAD Search\" href=\"https:\/\/www.gsb-oilless.com\/cad-search\/\" class=\"w-iconbox-link\" aria-label=\"B\u00fasqueda CAD\"><h3 class=\"w-iconbox-title\">B\u00fasqueda CAD<\/h3><\/a><\/div><\/div><\/div><\/div><\/div><\/div><\/div><\/section><section class=\"l-section wpb_row height_medium\"><div class=\"l-section-h i-cf\"><div class=\"g-cols vc_row via_flex valign_top type_default stacking_default\"><div class=\"vc_col-sm-12 wpb_column vc_column_container\"><div class=\"vc_column-inner\"><div class=\"wpb_wrapper\"><div class=\"g-cols wpb_row via_flex valign_top type_default stacking_default\"><div class=\"vc_col-sm-4 wpb_column vc_column_container\"><div class=\"vc_column-inner\"><div class=\"wpb_wrapper\"><div class=\"w-separator size_medium\"><\/div><div class=\"w-flipbox animation_cubetilt direction_n\"><div class=\"w-flipbox-h easing_ease\" style=\"transition-duration:0.5s;\"><div class=\"w-flipbox-hh\"><div class=\"w-flipbox-front us_custom_bc0cd7ac\" style=\"color:#ffffff;background-image:url(https:\/\/www.gsb-oilless.com\/wp-content\/uploads\/2024\/09\/gsb-tasima-elemanlari-new-1024x1024.jpg);\"><div class=\"w-flipbox-front-h\"><h4 class=\"w-flipbox-front-title\">Elementos de Transporte<\/h4><\/div><\/div><div class=\"w-flipbox-back us_custom_bc0cd7ac\" style=\"display:none;color:#ffffff;background-image:url(https:\/\/www.gsb-oilless.com\/wp-content\/uploads\/2024\/09\/Back-TasimaGrubu-1024x1024.jpg);\"><div class=\"w-flipbox-back-h\"><div class=\"w-flipbox-back-desc\"><p>Los elementos de elevaci\u00f3n GSB OILLESS se fabrican con el objetivo de garantizar la m\u00e1xima seguridad a sus usuarios. Nuestros elementos de elevaci\u00f3n van acompa\u00f1ados de una hoja de instrucciones, el marcado CE y un certificado de conformidad, tal como exige la Directiva sobre m\u00e1quinas 2006\/42\/CE.<\/p>\n<\/div><\/div><\/div><\/div><\/div><a target=\"_blank\" rel=\"nofollow\" href=\"https:\/\/www.gsb-oilless.com\/lifting-elements-product\/\"><\/a><\/div><div class=\"w-separator size_medium\"><\/div><\/div><\/div><\/div><div class=\"vc_col-sm-4 wpb_column vc_column_container\"><div class=\"vc_column-inner\"><div class=\"wpb_wrapper\"><div class=\"w-separator size_medium\"><\/div><div class=\"w-flipbox animation_cubetilt direction_n\"><div class=\"w-flipbox-h easing_ease\" style=\"transition-duration:0.5s;\"><div class=\"w-flipbox-hh\"><div class=\"w-flipbox-front us_custom_bc0cd7ac\" style=\"color:#ffffff;background-image:url(https:\/\/www.gsb-oilless.com\/wp-content\/uploads\/2024\/09\/gsb-kilavuz-elemanlari-new-1024x1024.jpg);\"><div class=\"w-flipbox-front-h\"><h4 class=\"w-flipbox-front-title\">Elementos Normalizados<\/h4><\/div><\/div><div class=\"w-flipbox-back us_custom_bc0cd7ac\" style=\"display:none;color:#ffffff;background-image:url(https:\/\/www.gsb-oilless.com\/wp-content\/uploads\/2024\/09\/Back-KlavuzElemanlari-1024x1024.jpg);\"><div class=\"w-flipbox-back-h\"><div class=\"w-flipbox-back-desc\"><p>Disponemos de una amplia gama de elementos embellecedores construidos conforme a las normas VDI-NAAMS-AFNOR y de automoci\u00f3n.<\/p>\n<\/div><\/div><\/div><\/div><\/div><a target=\"_blank\" rel=\"nofollow\" href=\"https:\/\/www.gsb-oilless.com\/wp-content\/uploads\/2022\/11\/GSB-guiding-elements-tr-en-de-01.11.2022.pdf\"><\/a><\/div><div class=\"w-separator size_medium\"><\/div><\/div><\/div><\/div><div class=\"vc_col-sm-4 wpb_column vc_column_container\"><div class=\"vc_column-inner\"><div class=\"wpb_wrapper\"><div class=\"w-separator size_medium\"><\/div><div class=\"w-flipbox animation_cubetilt direction_n\"><div class=\"w-flipbox-h easing_ease\" style=\"transition-duration:0.5s;\"><div class=\"w-flipbox-hh\"><div class=\"w-flipbox-front us_custom_4789a30c\" style=\"color:#ffffff;background-image:url(https:\/\/www.gsb-oilless.com\/wp-content\/uploads\/2024\/09\/gsb-kalip-elemanlari-new-1024x1024.jpg);\"><div class=\"w-flipbox-front-h\"><h4 class=\"w-flipbox-front-title\">Elementos de Guiado<\/h4><\/div><\/div><div class=\"w-flipbox-back us_custom_4789a30c\" style=\"display:none;color:#ffffff;background-image:url(https:\/\/www.gsb-oilless.com\/wp-content\/uploads\/2024\/09\/Back-KalipElemanlari-1024x1024.jpg);\"><div class=\"w-flipbox-back-h\"><div class=\"w-flipbox-back-desc\"><p>Los componentes de troqueles GSB OILLESS se fabrican cumpliendo estrictamente las normas de automoci\u00f3n. Nuestra oficina t\u00e9cnica utiliza sistemas CAD-CAM de \u00faltima generaci\u00f3n en todo el proceso de producci\u00f3n.<\/p>\n<\/div><\/div><\/div><\/div><\/div><a target=\"_blank\" rel=\"nofollow\" href=\"https:\/\/www.gsb-oilless.com\/wp-content\/uploads\/2022\/11\/GSB-die-components-tr-en-de-01.11.2022.pdf\"><\/a><\/div><div class=\"w-separator size_medium\"><\/div><\/div><\/div><\/div><\/div><div class=\"g-cols wpb_row via_flex valign_top type_default stacking_default\"><div class=\"vc_col-sm-4 wpb_column vc_column_container\"><div class=\"vc_column-inner\"><div class=\"wpb_wrapper\"><div class=\"w-separator size_medium\"><\/div><div class=\"w-flipbox animation_cubetilt direction_n\"><div class=\"w-flipbox-h easing_ease\" style=\"transition-duration:0.5s;\"><div class=\"w-flipbox-hh\"><div class=\"w-flipbox-front us_custom_bc0cd7ac\" style=\"color:#ffffff;background-image:url(https:\/\/www.gsb-oilless.com\/wp-content\/uploads\/2024\/09\/gsb-otomotiv-new-1024x1024.jpg);\"><div class=\"w-flipbox-front-h\"><h4 class=\"w-flipbox-front-title\">Normativa de Automocion<\/h4><\/div><\/div><div class=\"w-flipbox-back us_custom_bc0cd7ac\" style=\"display:none;color:#ffffff;background-image:url(https:\/\/www.gsb-oilless.com\/wp-content\/uploads\/2024\/09\/Back-Otomotiv-1024x1024.jpg);\"><div class=\"w-flipbox-back-h\"><div class=\"w-flipbox-back-desc\"><p>GSB OILLESS garantiza la m\u00e1xima calidad y el cumplimiento de las normas automovil\u00edsticas m\u00e1s rigurosas. Suministramos a todos los principales fabricantes de autom\u00f3viles del mundo.<\/p>\n<\/div><\/div><\/div><\/div><\/div><a target=\"_blank\" rel=\"nofollow\" href=\"https:\/\/www.gsb-oilless.com\/wp-content\/uploads\/2022\/11\/GSB-automotive-tr-en-de-01.11.2022.pdf\"><\/a><\/div><div class=\"w-separator size_medium\"><\/div><\/div><\/div><\/div><div class=\"vc_col-sm-4 wpb_column vc_column_container\"><div class=\"vc_column-inner\"><div class=\"wpb_wrapper\"><div class=\"w-separator size_medium\"><\/div><div class=\"w-flipbox animation_cubetilt direction_n\"><div class=\"w-flipbox-h easing_ease\" style=\"transition-duration:0.5s;\"><div class=\"w-flipbox-hh\"><div class=\"w-flipbox-front us_custom_4789a30c\" style=\"color:#ffffff;background-image:url(https:\/\/www.gsb-oilless.com\/wp-content\/uploads\/2024\/09\/gsb-kam-uniteleri-new-1024x1024.jpg);\"><div class=\"w-flipbox-front-h\"><h4 class=\"w-flipbox-front-title\">Unidade de leva<\/h4><\/div><\/div><div class=\"w-flipbox-back us_custom_4789a30c\" style=\"display:none;color:#ffffff;background-image:url(https:\/\/www.gsb-oilless.com\/wp-content\/uploads\/2024\/09\/Back-KamUniteleri-1024x1024.jpg);\"><div class=\"w-flipbox-back-h\"><\/div><\/div><\/div><\/div><a target=\"_blank\" rel=\"nofollow\" href=\"https:\/\/www.gsb-oilless.com\/es\/catalogs\/\"><\/a><\/div><div class=\"w-separator size_medium\"><\/div><\/div><\/div><\/div><div class=\"vc_col-sm-4 wpb_column vc_column_container\"><div class=\"vc_column-inner\"><div class=\"wpb_wrapper\"><div class=\"w-separator size_medium\"><\/div><div class=\"w-flipbox animation_cubetilt direction_n\"><div class=\"w-flipbox-h easing_ease\" style=\"transition-duration:0.5s;\"><div class=\"w-flipbox-hh\"><div class=\"w-flipbox-front us_custom_4789a30c\" style=\"color:#ffffff;background-image:url(https:\/\/www.gsb-oilless.com\/wp-content\/uploads\/2025\/12\/PURCHASE-BUTTONS-1024x1024.webp);\"><div class=\"w-flipbox-front-h\"><h4 class=\"w-flipbox-front-title\">Punzones y Matrices<\/h4><\/div><\/div><div class=\"w-flipbox-back us_custom_4789a30c\" style=\"display:none;color:#ffffff;background-image:url(https:\/\/www.gsb-oilless.com\/wp-content\/uploads\/2025\/12\/PURCHASE-BUTTONS-1024x1024.webp);\"><div class=\"w-flipbox-back-h\"><\/div><\/div><\/div><\/div><a target=\"_blank\" rel=\"nofollow\" href=\"https:\/\/www.gsb-oilless.com\/es\/catalogs\/\"><\/a><\/div><div class=\"w-separator size_medium\"><\/div><\/div><\/div><\/div><\/div><\/div><\/div><\/div><\/div><\/div><\/section>\n","protected":false},"excerpt":{"rendered":"CAT\u00c1LOGOS 01.11.2022B\u00fasqueda CADElementos de TransporteLos elementos de elevaci\u00f3n GSB OILLESS se fabrican con el objetivo de garantizar la m\u00e1xima seguridad a sus usuarios. Nuestros elementos de elevaci\u00f3n van acompa\u00f1ados de una hoja de instrucciones, el marcado CE y un certificado de conformidad, tal como exige la Directiva sobre m\u00e1quinas 2006\/42\/CE. Elementos NormalizadosDisponemos de una amplia...","protected":false},"author":5,"featured_media":38249,"parent":0,"menu_order":1879,"comment_status":"closed","ping_status":"closed","template":"","meta":{"_acf_changed":false,"footnotes":""},"class_list":["post-39389","page","type-page","status-publish","has-post-thumbnail","hentry"],"acf":[],"_links":{"self":[{"href":"https:\/\/www.gsb-oilless.com\/es\/wp-json\/wp\/v2\/pages\/39389","targetHints":{"allow":["GET"]}}],"collection":[{"href":"https:\/\/www.gsb-oilless.com\/es\/wp-json\/wp\/v2\/pages"}],"about":[{"href":"https:\/\/www.gsb-oilless.com\/es\/wp-json\/wp\/v2\/types\/page"}],"author":[{"embeddable":true,"href":"https:\/\/www.gsb-oilless.com\/es\/wp-json\/wp\/v2\/users\/5"}],"replies":[{"embeddable":true,"href":"https:\/\/www.gsb-oilless.com\/es\/wp-json\/wp\/v2\/comments?post=39389"}],"version-history":[{"count":0,"href":"https:\/\/www.gsb-oilless.com\/es\/wp-json\/wp\/v2\/pages\/39389\/revisions"}],"wp:featuredmedia":[{"embeddable":true,"href":"https:\/\/www.gsb-oilless.com\/es\/wp-json\/wp\/v2\/media\/38249"}],"wp:attachment":[{"href":"https:\/\/www.gsb-oilless.com\/es\/wp-json\/wp\/v2\/media?parent=39389"}],"curies":[{"name":"wp","href":"https:\/\/api.w.org\/{rel}","templated":true}]}}