{"id":12237,"date":"2020-09-04T16:58:27","date_gmt":"2020-09-04T13:58:27","guid":{"rendered":"https:\/\/www.gsb-oilless.com\/products\/"},"modified":"2025-12-22T10:18:31","modified_gmt":"2025-12-22T07:18:31","slug":"produkte","status":"publish","type":"page","link":"https:\/\/www.gsb-oilless.com\/de\/produkte\/","title":{"rendered":"Produkte"},"content":{"rendered":"<section class=\"l-section wpb_row us_custom_66c01d21 height_medium width_full\" id=\"zeroall\"><div class=\"l-section-h i-cf\"><div class=\"g-cols vc_row via_flex valign_top type_default stacking_default\"><div class=\"vc_col-sm-6 wpb_column vc_column_container has_bg_color\"><div class=\"vc_column-inner us_custom_1106a058\"><div class=\"wpb_wrapper\"><div class=\"w-iconbox us_custom_ba2dd4f6 has_text_color iconpos_left style_default color_custom align_center no_text\"><a title=\"Kataloge\" href=\"https:\/\/www.gsb-oilless.com\/de\/kataloge\/\" class=\"w-iconbox-link\" aria-label=\"KATALOGE\n14.03.2025\"><div class=\"w-iconbox-icon\" style=\"font-size:3rem;--icon-color:#ffffff;\"><i class=\"fas fa-book-reader\"><\/i><\/div><\/a><div class=\"w-iconbox-meta\"><a title=\"Kataloge\" href=\"https:\/\/www.gsb-oilless.com\/de\/kataloge\/\" class=\"w-iconbox-link\" aria-label=\"KATALOGE\n14.03.2025\"><h3 class=\"w-iconbox-title\">KATALOGE<br \/>\n14.03.2025<\/h3><\/a><\/div><\/div><\/div><\/div><\/div><div class=\"vc_col-sm-6 wpb_column vc_column_container has_bg_color\"><div class=\"vc_column-inner us_custom_7ae81fe9\"><div class=\"wpb_wrapper\"><div class=\"w-iconbox us_custom_ba2dd4f6 has_text_color iconpos_left style_default color_custom align_center no_text\"><a title=\"CAD Suche\" href=\"https:\/\/www.gsb-oilless.com\/de\/cad-suche\/\" class=\"w-iconbox-link\" aria-label=\"CAD SUCHE\"><div class=\"w-iconbox-icon\" style=\"font-size:3rem;--icon-color:#ffffff;\"><i class=\"fas fa-search-plus\"><\/i><\/div><\/a><div class=\"w-iconbox-meta\"><a title=\"CAD Suche\" href=\"https:\/\/www.gsb-oilless.com\/de\/cad-suche\/\" class=\"w-iconbox-link\" aria-label=\"CAD SUCHE\"><h3 class=\"w-iconbox-title\">CAD SUCHE<\/h3><\/a><\/div><\/div><\/div><\/div><\/div><\/div><\/div><\/section><section class=\"l-section wpb_row height_medium\"><div class=\"l-section-h i-cf\"><div class=\"g-cols vc_row via_flex valign_top type_default stacking_default\"><div class=\"vc_col-sm-12 wpb_column vc_column_container\"><div class=\"vc_column-inner\"><div class=\"wpb_wrapper\"><div class=\"g-cols wpb_row via_flex valign_top type_default stacking_default\"><div class=\"vc_col-sm-4 wpb_column vc_column_container\"><div class=\"vc_column-inner\"><div class=\"wpb_wrapper\"><div class=\"w-separator size_medium\"><\/div><div class=\"w-flipbox animation_cubetilt direction_n\"><div class=\"w-flipbox-h easing_ease\" style=\"transition-duration:0.5s;\"><div class=\"w-flipbox-hh\"><div class=\"w-flipbox-front us_custom_bc0cd7ac\" style=\"color:#ffffff;background-image:url(https:\/\/www.gsb-oilless.com\/wp-content\/uploads\/2024\/09\/gsb-tasima-elemanlari-new-1024x1024.jpg);\"><div class=\"w-flipbox-front-h\"><h4 class=\"w-flipbox-front-title\">Tragelemente<\/h4><\/div><\/div><div class=\"w-flipbox-back us_custom_bc0cd7ac\" style=\"display:none;color:#ffffff;background-image:url(https:\/\/www.gsb-oilless.com\/wp-content\/uploads\/2024\/09\/Back-TasimaGrubu-1024x1024.jpg);\"><div class=\"w-flipbox-back-h\"><div class=\"w-flipbox-back-desc\"><p>Die Hubelemente von GSB OILLESS werden mit dem Ziel hergestellt, den Benutzern ein Maximum an Sicherheit zu garantieren. Unsere Hubelemente werden mit einer Gebrauchsanweisung, einer CE-Kennzeichnung und einem Konformit\u00e4tszertifikat gem\u00e4\u00df der Maschinenrichtlinie 2006\/42\/CE geliefert.<\/p>\n<\/div><\/div><\/div><\/div><\/div><a target=\"_blank\" rel=\"nofollow\" href=\"https:\/\/www.gsb-oilless.com\/lifting-elements-product\/\"><\/a><\/div><div class=\"w-separator size_medium\"><\/div><\/div><\/div><\/div><div class=\"vc_col-sm-4 wpb_column vc_column_container\"><div class=\"vc_column-inner\"><div class=\"wpb_wrapper\"><div class=\"w-separator size_medium\"><\/div><div class=\"w-flipbox animation_cubetilt direction_n\"><div class=\"w-flipbox-h easing_ease\" style=\"transition-duration:0.5s;\"><div class=\"w-flipbox-hh\"><div class=\"w-flipbox-front us_custom_bc0cd7ac\" style=\"color:#ffffff;background-image:url(https:\/\/www.gsb-oilless.com\/wp-content\/uploads\/2024\/09\/gsb-kilavuz-elemanlari-new-1024x1024.jpg);\"><div class=\"w-flipbox-front-h\"><h4 class=\"w-flipbox-front-title\">F\u00fchrungselemente<\/h4><\/div><\/div><div class=\"w-flipbox-back us_custom_bc0cd7ac\" style=\"display:none;color:#ffffff;background-image:url(https:\/\/www.gsb-oilless.com\/wp-content\/uploads\/2024\/09\/Back-KlavuzElemanlari-1024x1024.jpg);\"><div class=\"w-flipbox-back-h\"><div class=\"w-flipbox-back-desc\"><p>Wir verf\u00fcgen \u00fcber eine gro\u00dfe Auswahl an Bauelementen, die nach den VDI-NAAMS-AFNOR- und Automobilnormen hergestellt werden.<\/p>\n<\/div><\/div><\/div><\/div><\/div><a target=\"_blank\" rel=\"nofollow\" href=\"https:\/\/www.gsb-oilless.com\/wp-content\/uploads\/2025\/03\/gsb-guide-elements-tr-en-de.pdf\"><\/a><\/div><div class=\"w-separator size_medium\"><\/div><\/div><\/div><\/div><div class=\"vc_col-sm-4 wpb_column vc_column_container\"><div class=\"vc_column-inner\"><div class=\"wpb_wrapper\"><div class=\"w-separator size_medium\"><\/div><div class=\"w-flipbox animation_cubetilt direction_n\"><div class=\"w-flipbox-h easing_ease\" style=\"transition-duration:0.5s;\"><div class=\"w-flipbox-hh\"><div class=\"w-flipbox-front us_custom_4789a30c\" style=\"color:#ffffff;background-image:url(https:\/\/www.gsb-oilless.com\/wp-content\/uploads\/2024\/09\/gsb-kalip-elemanlari-new-1024x1024.jpg);\"><div class=\"w-flipbox-front-h\"><h4 class=\"w-flipbox-front-title\">Werkzeugzubeh\u00f6r<\/h4><\/div><\/div><div class=\"w-flipbox-back us_custom_4789a30c\" style=\"display:none;color:#ffffff;background-image:url(https:\/\/www.gsb-oilless.com\/wp-content\/uploads\/2024\/09\/Back-KalipElemanlari-1024x1024.jpg);\"><div class=\"w-flipbox-back-h\"><div class=\"w-flipbox-back-desc\"><p>GSB OILLESS Werkzeugkomponenten werden unter strenger Einhaltung der Automobilstandards hergestellt. Unser technisches B\u00fcro setzt w\u00e4hrend des gesamten Produktionsprozesses modernste CAD-CAM-Systeme ein.<\/p>\n<\/div><\/div><\/div><\/div><\/div><a target=\"_blank\" rel=\"nofollow\" href=\"https:\/\/www.gsb-oilless.com\/wp-content\/uploads\/2025\/03\/gsb-die-components-tr-en-de.pdf\"><\/a><\/div><div class=\"w-separator size_medium\"><\/div><\/div><\/div><\/div><\/div><div class=\"g-cols wpb_row via_flex valign_top type_default stacking_default\"><div class=\"vc_col-sm-4 wpb_column vc_column_container\"><div class=\"vc_column-inner\"><div class=\"wpb_wrapper\"><div class=\"w-separator size_medium\"><\/div><div class=\"w-flipbox animation_cubetilt direction_n\"><div class=\"w-flipbox-h easing_ease\" style=\"transition-duration:0.5s;\"><div class=\"w-flipbox-hh\"><div class=\"w-flipbox-front us_custom_bc0cd7ac\" style=\"color:#ffffff;background-image:url(https:\/\/www.gsb-oilless.com\/wp-content\/uploads\/2024\/09\/gsb-otomotiv-new-1024x1024.jpg);\"><div class=\"w-flipbox-front-h\"><h4 class=\"w-flipbox-front-title\">Normalien<\/h4><\/div><\/div><div class=\"w-flipbox-back us_custom_bc0cd7ac\" style=\"display:none;color:#ffffff;background-image:url(https:\/\/www.gsb-oilless.com\/wp-content\/uploads\/2024\/09\/Back-Otomotiv-1024x1024.jpg);\"><div class=\"w-flipbox-back-h\"><div class=\"w-flipbox-back-desc\"><p>GSB OILLESS garantiert h\u00f6chste Qualit\u00e4t und die Einhaltung der strengsten Automobilstandards. Wir beliefern alle gro\u00dfen Automobilhersteller auf der ganzen Welt.<\/p>\n<\/div><\/div><\/div><\/div><\/div><a target=\"_blank\" rel=\"nofollow\" href=\"https:\/\/www.gsb-oilless.com\/wp-content\/uploads\/2025\/03\/gsb-automotive-standarts-tr-en-de.pdf\"><\/a><\/div><div class=\"w-separator size_medium\"><\/div><\/div><\/div><\/div><div class=\"vc_col-sm-4 wpb_column vc_column_container\"><div class=\"vc_column-inner\"><div class=\"wpb_wrapper\"><div class=\"w-separator size_medium\"><\/div><div class=\"w-flipbox animation_cubetilt direction_n\"><div class=\"w-flipbox-h easing_ease\" style=\"transition-duration:0.5s;\"><div class=\"w-flipbox-hh\"><div class=\"w-flipbox-front us_custom_4789a30c\" style=\"color:#ffffff;background-image:url(https:\/\/www.gsb-oilless.com\/wp-content\/uploads\/2024\/09\/gsb-kam-uniteleri-new-1024x1024.jpg);\"><div class=\"w-flipbox-front-h\"><h4 class=\"w-flipbox-front-title\">Schieber<\/h4><\/div><\/div><div class=\"w-flipbox-back us_custom_4789a30c\" style=\"display:none;color:#ffffff;background-image:url(https:\/\/www.gsb-oilless.com\/wp-content\/uploads\/2024\/09\/Back-KamUniteleri-1024x1024.jpg);\"><div class=\"w-flipbox-back-h\"><\/div><\/div><\/div><\/div><a target=\"_blank\" rel=\"nofollow\" href=\"https:\/\/www.gsb-oilless.com\/de\/catalogs\/\"><\/a><\/div><div class=\"w-separator size_medium\"><\/div><\/div><\/div><\/div><div class=\"vc_col-sm-4 wpb_column vc_column_container\"><div class=\"vc_column-inner\"><div class=\"wpb_wrapper\"><div class=\"w-separator size_medium\"><\/div><div class=\"w-flipbox animation_cubetilt direction_n\"><div class=\"w-flipbox-h easing_ease\" style=\"transition-duration:0.5s;\"><div class=\"w-flipbox-hh\"><div class=\"w-flipbox-front us_custom_4789a30c\" style=\"color:#ffffff;background-image:url(https:\/\/www.gsb-oilless.com\/wp-content\/uploads\/2025\/12\/PURCHASE-BUTTONS-1024x1024.webp);\"><div class=\"w-flipbox-front-h\"><h4 class=\"w-flipbox-front-title\"> Schneidstempel &amp; Buchsen<\/h4><\/div><\/div><div class=\"w-flipbox-back us_custom_4789a30c\" style=\"display:none;color:#ffffff;background-image:url(https:\/\/www.gsb-oilless.com\/wp-content\/uploads\/2025\/12\/PURCHASE-BUTTONS-1024x1024.webp);\"><div class=\"w-flipbox-back-h\"><\/div><\/div><\/div><\/div><a target=\"_blank\" rel=\"nofollow\" href=\"https:\/\/www.gsb-oilless.com\/de\/catalogs\/\"><\/a><\/div><div class=\"w-separator size_medium\"><\/div><\/div><\/div><\/div><\/div><\/div><\/div><\/div><\/div><\/div><\/section>\n","protected":false},"excerpt":{"rendered":"KATALOGE 14.03.2025CAD SUCHETragelementeDie Hubelemente von GSB OILLESS werden mit dem Ziel hergestellt, den Benutzern ein Maximum an Sicherheit zu garantieren. Unsere Hubelemente werden mit einer Gebrauchsanweisung, einer CE-Kennzeichnung und einem Konformit\u00e4tszertifikat gem\u00e4\u00df der Maschinenrichtlinie 2006\/42\/CE geliefert. F\u00fchrungselementeWir verf\u00fcgen \u00fcber eine gro\u00dfe Auswahl an Bauelementen, die nach den VDI-NAAMS-AFNOR- und Automobilnormen hergestellt werden. Werkzeugzubeh\u00f6rGSB OILLESS Werkzeugkomponenten...","protected":false},"author":5,"featured_media":12239,"parent":0,"menu_order":1879,"comment_status":"closed","ping_status":"closed","template":"","meta":{"_acf_changed":false,"footnotes":""},"class_list":["post-12237","page","type-page","status-publish","has-post-thumbnail","hentry"],"acf":[],"_links":{"self":[{"href":"https:\/\/www.gsb-oilless.com\/de\/wp-json\/wp\/v2\/pages\/12237","targetHints":{"allow":["GET"]}}],"collection":[{"href":"https:\/\/www.gsb-oilless.com\/de\/wp-json\/wp\/v2\/pages"}],"about":[{"href":"https:\/\/www.gsb-oilless.com\/de\/wp-json\/wp\/v2\/types\/page"}],"author":[{"embeddable":true,"href":"https:\/\/www.gsb-oilless.com\/de\/wp-json\/wp\/v2\/users\/5"}],"replies":[{"embeddable":true,"href":"https:\/\/www.gsb-oilless.com\/de\/wp-json\/wp\/v2\/comments?post=12237"}],"version-history":[{"count":0,"href":"https:\/\/www.gsb-oilless.com\/de\/wp-json\/wp\/v2\/pages\/12237\/revisions"}],"wp:featuredmedia":[{"embeddable":true,"href":"https:\/\/www.gsb-oilless.com\/de\/wp-json\/wp\/v2\/media\/12239"}],"wp:attachment":[{"href":"https:\/\/www.gsb-oilless.com\/de\/wp-json\/wp\/v2\/media?parent=12237"}],"curies":[{"name":"wp","href":"https:\/\/api.w.org\/{rel}","templated":true}]}}