{"id":12041,"date":"2020-06-02T16:12:10","date_gmt":"2020-06-02T13:12:10","guid":{"rendered":"https:\/\/www.gsb-oilless.com\/cad-search\/"},"modified":"2023-03-27T11:19:32","modified_gmt":"2023-03-27T08:19:32","slug":"cad-suche","status":"publish","type":"page","link":"https:\/\/www.gsb-oilless.com\/de\/cad-suche\/","title":{"rendered":"CAD Suche"},"content":{"rendered":"<section class=\"l-section wpb_row us_custom_46af2209 usbbb height_medium\"><div class=\"l-section-h i-cf\"><div class=\"g-cols vc_row via_flex valign_top type_default stacking_default\"><div class=\"vc_col-sm-6 wpb_column vc_column_container\"><div class=\"vc_column-inner us_custom_34d125d9\"><div class=\"wpb_wrapper\"><div class=\"wpb_text_column\"><div class=\"wpb_wrapper\"><div class='w3eden'><!-- WPDM Link Template: Default Template -->\n\n<div class=\"link-template-default card mb-2\">\n    <div class=\"card-body\">\n        <div class=\"media\">\n            <div class=\"mr-3 img-48\"><img decoding=\"async\" class=\"wpdm_icon\" alt=\"Icon\" src=\"https:\/\/www.gsb-oilless.com\/wp-content\/plugins\/download-manager\/assets\/file-type-icons\/zip.svg\" \/><\/div>\n            <div class=\"media-body\">\n                <h3 class=\"package-title\"><a href='https:\/\/www.gsb-oilless.com\/download\/usb-flash-drive-01-01-2024\/'>USB Flash Drive 01.01.2024<\/a><\/h3>\n                <div class=\"text-muted text-small\"><i class=\"fas fa-copy\"><\/i> 1  Datei(en)  <i class=\"fas fa-hdd ml-3\"><\/i> 269.05 MB<\/div>\n            <\/div>\n            <div class=\"ml-3\">\n                <a class='wpdm-download-link download-on-click btn btn-primary '  rel='nofollow' href='#' data-downloadurl=\"https:\/\/www.gsb-oilless.com\/download\/usb-flash-drive-01-01-2024\/?wpdmdl=20204&refresh=69f5a44a72b8a1777706058\">Herunterladen<\/a>\n            <\/div>\n        <\/div>\n    <\/div>\n<\/div>\n\n<\/div>\n<\/div><\/div><\/div><\/div><\/div><div class=\"vc_col-sm-6 wpb_column vc_column_container\"><div class=\"vc_column-inner us_custom_f06ed429\"><div class=\"wpb_wrapper\"><div class=\"wpb_text_column\"><div class=\"wpb_wrapper\"><p style=\"text-align: right;\"><div class='w3eden'><!-- WPDM Link Template: Default Template -->\n\n<div class=\"link-template-default card mb-2\">\n    <div class=\"card-body\">\n        <div class=\"media\">\n            <div class=\"mr-3 img-48\"><img decoding=\"async\" class=\"wpdm_icon\" alt=\"Icon\" src=\"https:\/\/www.gsb-oilless.com\/wp-content\/plugins\/download-manager\/assets\/file-type-icons\/pdf.svg\" \/><\/div>\n            <div class=\"media-body\">\n                <h3 class=\"package-title\"><a href='https:\/\/www.gsb-oilless.com\/download\/usb_instruction-pdf\/'>USB_Instruction.pdf<\/a><\/h3>\n                <div class=\"text-muted text-small\"><i class=\"fas fa-copy\"><\/i> 1  Datei(en)  <i class=\"fas fa-hdd ml-3\"><\/i> 712.97 KB<\/div>\n            <\/div>\n            <div class=\"ml-3\">\n                <a class='wpdm-download-link download-on-click btn btn-primary '  rel='nofollow' href='#' data-downloadurl=\"https:\/\/www.gsb-oilless.com\/download\/usb_instruction-pdf\/?wpdmdl=20216&refresh=69f5a44b58b3c1777706059\">Herunterladen<\/a>\n            <\/div>\n        <\/div>\n    <\/div>\n<\/div>\n\n<\/div>\n<\/div><\/div><\/div><\/div><\/div><\/div><\/div><\/section><section class=\"l-section wpb_row us_custom_413b1157 zerototop height_small\" id=\"zerototop\"><div class=\"l-section-h i-cf\"><div class=\"g-cols vc_row via_flex valign_top type_default stacking_default\"><div class=\"vc_col-sm-12 wpb_column vc_column_container\"><div class=\"vc_column-inner\"><div class=\"wpb_wrapper\"><div class=\"w-separator size_small\"><\/div><div class=\"wpb_text_column\"><div class=\"wpb_wrapper\"><div class=\"w3eden\">\n\n    <div class=\"card wpdmap-header-card\">\n        <div class=\"card-body\">\n            <form id=\"srcp\" style=\"margin-bottom: 10px\">\n    <div class=\"row\">\n        <input type=\"hidden\" name=\"category\" id=\"initc\" value=\"0\" \/>\n        <div class=\"col-md-3\">\n            <label for=\"src\">Suche:<\/label>\n            <div class=\"input-group input-src\">\n                <input type=\"text\" class=\"form-control\" name=\"src\" placeholder=\"Suche\" id=\"src\">\n                <div class=\"input-group-append input-group-btn\">\n                    <button class=\"btn\" type=\"submit\"><i class=\"fas fa-search\"><\/i><\/button>\n                <\/div>\n            <\/div>\n        <\/div>\n\n        <div class='col-md-3'>\n            <label for=\"wpdm-cats-compact\">Kategorie:<\/label>\n            <select  name='wpdm-cats-compact' id='wpdm-cats-compact' class='form-control wpdm-custom-select'>\n\t<option value='-1'>Kategorie w\u00e4hlen<\/option>\n\t<option class=\"level-0\" value=\"50\">F\u00fchrungselemente<\/option>\n\t<option class=\"level-0\" value=\"138\">Schieber<\/option>\n\t<option class=\"level-0\" value=\"48\">Tragelemente<\/option>\n\t<option class=\"level-0\" value=\"57\">USB Flash Drive<\/option>\n\t<option class=\"level-0\" value=\"52\">Werkzeugzubeh\u00f6r<\/option>\n<\/select>\n        <\/div>\n\n        <div class=\"col-md-3\">\n            <label for=\"orderby\">Sortieren:<\/label>\n                <select name=\"orderby\" id=\"orderby\" class=\"form-control wpdm-custom-select\">\n                    <option value=\"date\" >Erscheinungsdatum<\/option>\n                    <option value=\"title\" >Titel<\/option>\n                    <option value=\"modified\" >Letzte Aktualisierung<\/option>\n                    <option value=\"view_count\" >Anzahl anzeigen<\/option>\n                    <option value=\"download_count\" >Anzahl der Downloads<\/option>\n                    <option value=\"package_size_b\" >Packungsgr\u00f6sse<\/option>\n            <\/select>\n            <\/div>\n        <div class=\"col-md-3\">\n            <label for=\"order\">Sortieren:<\/label>\n            <select name=\"order\" id=\"order\" class=\"form-control wpdm-custom-select\">\n                <option value=\"DESC\">Absteigende Reihenfolge<\/option>\n                <option value=\"ASC\"  selected='selected'>Aufsteigende Reihenfolge<\/option>\n            <\/select>\n        <\/div>\n\n    <\/div>\n<\/form>\n        <\/div>\n        <div class=\"card-footer\">\n            <div class=\"row\">\n    <div class=\"col-md-12\">\n        <div class=\"breadcrumbx\">\n            <span><a href=\"#\" id=\"wpdm-archive-page-home\">Startseite<\/a><span class=\"bcsep\"><\/span><\/span>\n            <span id=\"inp\">Alle Downloads<\/span>\n        <\/div>\n    <\/div>\n<\/div>        <\/div>\n    <\/div>\n\n\n    <div class='wpdm-downloads' id='wpdm-downloads'>\n\n    <div class=\"card\">\n        <div class=\"card-body text-center p-5\">\n            Kategorie ausw\u00e4hlen oder suchen ...        <\/div>\n    <\/div>\n\n<\/div>\n\n<\/div>\n<script>\n    var wpdmap_params = 'O5T4ceaIS6R8usU1p9g3VEH16iVedbH5De0AJzYpsLNSkitKoIkvq3Qks6_8mipsn7lILwb1rsoYKB5tnkkEU4wpO118-moMnTBhCAO3u8ZgKLEKs8ptWBIEyDpR9IoD8SYkilq95PzDNUqgVhsvZxiO5IEq80xLomJSFY4Igv8ZS_Dv20IRy8EllATQDZ5lgBpVaM_qTnY1sroLXEJqbw';\n<\/script>\n\n<\/div><\/div><\/div><\/div><\/div><\/div><\/div><\/section>\n","protected":false},"excerpt":{"rendered":"USB Flash Drive 01.01.2024 1 Datei(en) 269.05 MB Herunterladen USB_Instruction.pdf 1 Datei(en) 712.97 KB Herunterladen Suche: Kategorie: Kategorie w\u00e4hlen F\u00fchrungselemente Schieber Tragelemente USB Flash Drive Werkzeugzubeh\u00f6r Sortieren: Erscheinungsdatum Titel Letzte Aktualisierung Anzahl anzeigen Anzahl der Downloads Packungsgr\u00f6sse Sortieren: Absteigende Reihenfolge Aufsteigende Reihenfolge Startseite Alle Downloads Kategorie ausw\u00e4hlen oder suchen ...","protected":false},"author":5,"featured_media":12042,"parent":0,"menu_order":1893,"comment_status":"closed","ping_status":"closed","template":"","meta":{"_acf_changed":false,"footnotes":""},"class_list":["post-12041","page","type-page","status-publish","has-post-thumbnail","hentry"],"acf":[],"_links":{"self":[{"href":"https:\/\/www.gsb-oilless.com\/de\/wp-json\/wp\/v2\/pages\/12041","targetHints":{"allow":["GET"]}}],"collection":[{"href":"https:\/\/www.gsb-oilless.com\/de\/wp-json\/wp\/v2\/pages"}],"about":[{"href":"https:\/\/www.gsb-oilless.com\/de\/wp-json\/wp\/v2\/types\/page"}],"author":[{"embeddable":true,"href":"https:\/\/www.gsb-oilless.com\/de\/wp-json\/wp\/v2\/users\/5"}],"replies":[{"embeddable":true,"href":"https:\/\/www.gsb-oilless.com\/de\/wp-json\/wp\/v2\/comments?post=12041"}],"version-history":[{"count":0,"href":"https:\/\/www.gsb-oilless.com\/de\/wp-json\/wp\/v2\/pages\/12041\/revisions"}],"wp:featuredmedia":[{"embeddable":true,"href":"https:\/\/www.gsb-oilless.com\/de\/wp-json\/wp\/v2\/media\/12042"}],"wp:attachment":[{"href":"https:\/\/www.gsb-oilless.com\/de\/wp-json\/wp\/v2\/media?parent=12041"}],"curies":[{"name":"wp","href":"https:\/\/api.w.org\/{rel}","templated":true}]}}