{"id":11979,"date":"2013-05-31T11:57:37","date_gmt":"2013-05-31T11:57:37","guid":{"rendered":"https:\/\/www.gsb-oilless.com\/about\/"},"modified":"2025-10-30T11:57:02","modified_gmt":"2025-10-30T08:57:02","slug":"ueber-uns","status":"publish","type":"page","link":"https:\/\/www.gsb-oilless.com\/de\/ueber-uns\/","title":{"rendered":"\u00dcber Uns"},"content":{"rendered":"<section class=\"l-section wpb_row us_custom_82a17ce1 height_medium\"><div class=\"l-section-h i-cf\"><div class=\"g-cols vc_row via_flex valign_top type_default stacking_default\"><div class=\"vc_col-sm-12 wpb_column vc_column_container\"><div class=\"vc_column-inner\"><div class=\"wpb_wrapper\"><div class=\"g-cols wpb_row via_flex valign_top type_default stacking_default\"><div class=\"vc_col-sm-3 wpb_column vc_column_container\"><div class=\"vc_column-inner\"><div class=\"wpb_wrapper\"><div class=\"w-image us_custom_9cf479d2 align_none\"><div class=\"w-image-h\"><img decoding=\"async\" width=\"239\" height=\"350\" src=\"https:\/\/www.gsb-oilless.com\/wp-content\/uploads\/2020\/10\/ABOUT-US.jpg\" class=\"attachment-us_350_350 size-us_350_350\" alt=\"onayli.jpg\" loading=\"lazy\" srcset=\"https:\/\/www.gsb-oilless.com\/wp-content\/uploads\/2020\/10\/ABOUT-US.jpg 1280w, https:\/\/www.gsb-oilless.com\/wp-content\/uploads\/2020\/10\/ABOUT-US-205x300.jpg 205w, https:\/\/www.gsb-oilless.com\/wp-content\/uploads\/2020\/10\/ABOUT-US-700x1024.jpg 700w, https:\/\/www.gsb-oilless.com\/wp-content\/uploads\/2020\/10\/ABOUT-US-273x400.jpg 273w\" sizes=\"auto, (max-width: 239px) 100vw, 239px\" \/><\/div><\/div><\/div><\/div><\/div><div class=\"vc_col-sm-9 wpb_column vc_column_container\"><div class=\"vc_column-inner\"><div class=\"wpb_wrapper\"><div class=\"wpb_text_column\"><div class=\"wpb_wrapper\"><p><strong>Mehr als nur eine Firma:<\/strong><\/p>\n<p>Wir haben 1996 GSB Oilless als Handelsunternehmen in Istanbul mit einer klaren und ehrgeizigen Mission um erstklassigen Service und Premium Zubeh\u00f6r f\u00fcr die Stanz- und Umformtechnik gegr\u00fcndet.<\/p>\n<p>Innerhalb von 5 Jahren war es uns gelungen, einen signifikanten Marktanteil zu erobern und positionierten uns als Marktf\u00fchrer in der T\u00fcrkei. Als n\u00e4chster Schritt war unsere Zielsetzung eine eigene Produktion f\u00fcr diesen Markt und peilten fortan eine globale Bekanntheit an. Heute, seit 1996, produzieren und exportieren wir f\u00fcr fast alle bekannten automobilen Marken in 5 Kontinenten und in mehr als 28 L\u00e4nder.<\/p>\n<p>Wir f\u00fchren unser Wachstum und unseren Erfolg darauf zur\u00fcck, das unsere Mitarbeiter mit gro\u00dfer Leidenschaft und Hingabe f\u00fcr Ihre Firma arbeiten. Aus diesem Grund investieren wir auch einen erheblichen Anteil unserer Erl\u00f6se, um die Arbeitspl\u00e4tze sicherer und komfortabler zu gestalten. Bei GSB Oilless investieren wir in Produktionsoptimierung, Technologie und ganz besonders in unsere menschliche Rescourcen.<\/p>\n<\/div><\/div><\/div><\/div><\/div><\/div><div class=\"w-separator size_huge\"><\/div><div class=\"g-cols wpb_row via_flex valign_top type_default stacking_default\"><div class=\"vc_col-sm-3 wpb_column vc_column_container\"><div class=\"vc_column-inner\"><div class=\"wpb_wrapper\"><div class=\"w-counter us_custom_11b7a3bf color_custom align_center has_font_size\" data-duration=\"2\"><div class=\"w-counter-value\" style=\"color:#E30613;\"><span class=\"w-counter-value-part type_text\" data-final=\"\"><\/span><span class=\"w-counter-value-part type_number\" data-final=\"5000\">2<\/span><span class=\"w-counter-value-part type_text\" data-final=\"+\"><\/span><\/div><h3 class=\"w-counter-title\" style=\"font-size:17px;\">Quadratmeter Produktionsfl\u00e4che<\/h3><\/div><\/div><\/div><\/div><div class=\"vc_col-sm-3 wpb_column vc_column_container\"><div class=\"vc_column-inner\"><div class=\"wpb_wrapper\"><div class=\"w-counter us_custom_11b7a3bf color_custom align_center has_font_size\" data-duration=\"2\"><div class=\"w-counter-value\" style=\"color:#E30613;\"><span class=\"w-counter-value-part type_text\" data-final=\"\"><\/span><span class=\"w-counter-value-part type_number\" data-final=\"11000\">2<\/span><span class=\"w-counter-value-part type_text\" data-final=\"+\"><\/span><\/div><h3 class=\"w-counter-title\" style=\"font-size:17px;\">Produktcodes<\/h3><\/div><\/div><\/div><\/div><div class=\"vc_col-sm-3 wpb_column vc_column_container\"><div class=\"vc_column-inner\"><div class=\"wpb_wrapper\"><div class=\"w-counter us_custom_11b7a3bf color_custom align_center has_font_size\" data-duration=\"2\"><div class=\"w-counter-value\" style=\"color:#E30613;\"><span class=\"w-counter-value-part type_text\" data-final=\"\"><\/span><span class=\"w-counter-value-part type_number\" data-final=\"60\">2<\/span><span class=\"w-counter-value-part type_text\" data-final=\"+\"><\/span><\/div><h3 class=\"w-counter-title\" style=\"font-size:17px;\">Angestellte<\/h3><\/div><\/div><\/div><\/div><div class=\"vc_col-sm-3 wpb_column vc_column_container\"><div class=\"vc_column-inner\"><div class=\"wpb_wrapper\"><div class=\"w-counter us_custom_11b7a3bf color_custom align_center has_font_size\" data-duration=\"2\"><div class=\"w-counter-value\" style=\"color:#E30613;\"><span class=\"w-counter-value-part type_text\" data-final=\"\"><\/span><span class=\"w-counter-value-part type_number\" data-final=\"20\">2<\/span><span class=\"w-counter-value-part type_text\" data-final=\"+\"><\/span><\/div><h3 class=\"w-counter-title\" style=\"font-size:17px;\">H\u00e4ndler weltweit<\/h3><\/div><\/div><\/div><\/div><\/div><div class=\"g-cols wpb_row via_flex valign_top type_default stacking_default\"><div class=\"vc_col-sm-12 wpb_column vc_column_container\"><div class=\"vc_column-inner\"><div class=\"wpb_wrapper\"><div class=\"w-separator size_huge\"><\/div><div class=\"wpb_text_column\"><div class=\"wpb_wrapper\"><h4>Unsere Qualit\u00e4ts-, Umwelt-, Arbeits- und Gesundheitsschutzpolitik<\/h4>\n<ul>\n<li>Alle gesetzlichen und sonstigen Verpflichtungen in Bezug auf Qualit\u00e4t, Umwelt, Arbeits- und Gesundheitsschutz zu erf\u00fcllen,<\/li>\n<li>Das Prinzip zu verankern, dass die Aktivit\u00e4ten im Bereich Qualit\u00e4t, Umwelt, Arbeits- und Gesundheitsschutz eine gemeinsame Verantwortung aller Mitarbeiter, einschlie\u00dflich Praktikanten, Besucher und Subunternehmer, sind,<\/li>\n<li>Das Prinzip der Beteiligung und Konsultation in allen Prozessen des Arbeits- und Gesundheitsschutzes sicherzustellen,<\/li>\n<li>Ziele festzulegen, um die Teilnahme aller Mitarbeiter an Risikobewertung und Ma\u00dfnahmen zur Risikominderung zu f\u00f6rdern,<\/li>\n<li>Alle unsere T\u00e4tigkeiten nach dem Grundsatz \u201eGesundheit und Sicherheit zuerst\u201c zu planen, zu kontrollieren und kontinuierlich zu verbessern,<\/li>\n<li>Ein gesundes Arbeitsumfeld zu schaffen und den Arbeits- und Gesundheitsschutz auf das h\u00f6chste Niveau zu bringen,<\/li>\n<li>Unsere Unternehmenskultur im Bereich Arbeits- und Gesundheitsschutz kontinuierlich zu verbessern und das nachhaltige Ziel \u201eNull Arbeitsunf\u00e4lle\u201c zu erreichen,<\/li>\n<li>Nat\u00fcrliche Ressourcen effizient und wirkungsvoll zu nutzen und Abf\u00e4lle zu minimieren,<\/li>\n<li>Alle Abf\u00e4lle im Rahmen des Projekts \u201eNull Abfall\u201c zu verwalten,<\/li>\n<li>Die notwendigen Ressourcen bereitzustellen und relevante Aktivit\u00e4ten durchzuf\u00fchren, um den Schutz und die Nachhaltigkeit der Umwelt sicherzustellen,<\/li>\n<li>Unser Umweltmanagementsystem gem\u00e4\u00df den Anforderungen internationaler Standards zu dokumentieren, zu zertifizieren und kontinuierlich zu verbessern,<\/li>\n<li>Weiterhin daran zu arbeiten, die Kundenzufriedenheit auf h\u00f6chstem Niveau zu halten,<\/li>\n<li>Unsere Prozesse kontinuierlich zu verbessern, um sicherzustellen, dass unsere Produkte den nationalen und internationalen Standards entsprechen,<\/li>\n<li>Unsere Prozesse, Produkte und Dienstleistungen im Einklang mit gesetzlichen Anforderungen und speziellen Kundenanforderungen zu planen und ihre Nachhaltigkeit zu gew\u00e4hrleisten,<\/li>\n<li>Technologische Entwicklungen in der Branche zu verfolgen und unsere Produktionskapazit\u00e4t zu erh\u00f6hen,<\/li>\n<li>Aktivit\u00e4ten durchzuf\u00fchren, die die Kontinuit\u00e4t unserer hochwertigen Produktzulassungen sicherstellen,<\/li>\n<li>Die Produktivit\u00e4t unserer Mitarbeiter durch interne und externe Schulungsma\u00dfnahmen zu steigern,<\/li>\n<li>Unter Ber\u00fccksichtigung unserer Unternehmenspolitik und Grundwerte die Unternehmens- und Abteilungsziele im Teamgeist zu erreichen.<\/li>\n<\/ul>\n<h4>Unsere Vision<\/h4>\n<p>Mit unseren Produkten und Dienstleistungen ein anerkannter Lieferant f\u00fcr alle globalen Automobilhersteller zu werden.<\/p>\n<h4>Unsere Mission<\/h4>\n<p>Ein f\u00fchrendes Unternehmen im Bereich Innovation zu sein, das Menschen und Gesellschaft respektiert, sich an gesetzliche, wirtschaftliche und ethische Grunds\u00e4tze h\u00e4lt, sowie sensibel f\u00fcr Gesundheit, Sicherheit und Umwelt handelt; sich kontinuierlich individuell und organisatorisch weiterentwickelt; alle technologischen M\u00f6glichkeiten seinen Mitarbeitern und Kunden bietet; ein Arbeitsumfeld pflegt, das soziale Werte respektiert, und ein bevorzugter Arbeitgeber zu sein.<\/p>\n<h4>Unsere Werte<\/h4>\n<p>Ehrlichkeit, Integrit\u00e4t, Gerechtigkeit, Respekt und Vertrauen sind unsere grundlegenden Prinzipien. Wir bem\u00fchen uns, unseren Kunden den besten Service zu bieten, indem wir das richtige Preis-\/Qualit\u00e4tsverh\u00e4ltnis sicherstellen. Wir geben keine Versprechen, die wir nicht halten k\u00f6nnen.<\/p>\n<p>Respekt vor der Umwelt, Vermeidung und Begrenzung von Umweltverschmutzung sowie die Nutzung aller verf\u00fcgbaren Ressourcen zur Schaffung eines gesunden Arbeitsumfelds und zur Erh\u00f6hung des Arbeits- und Gesundheitsschutzes auf das h\u00f6chste Niveau sind konkrete und dauerhafte Verpflichtungen unseres Unternehmens.<\/p>\n<p>\u00a0<\/p>\n<\/div><\/div><div class=\"wpb_text_column\"><div class=\"wpb_wrapper\"><h4>Getrieben von Pr\u00e4zision und Ehrgeiz<\/h4>\n<p><span lang=\"DE\">GSB Oilless pr\u00e4sentiert das Resultat von Ehrgeiz und harter Arbeit von unseren mehr als 60 Mitarbeitrern<\/span><span lang=\"DE\">. Das Streben nach Pr\u00e4zision und sozialer Verantwortung f\u00fchrte zur Erlangung des ISO 9001 Zertifikats f\u00fcr Qualit\u00e4ts Management Systeme, die ISO 14001 Zertifizierung f\u00fcr Umweltmanagement sowie die Zertifizierung nach ISO 45001 f\u00fcr Gesundheit und Sicherheits-management.<\/span><\/p>\n<\/div><\/div><\/div><\/div><\/div><\/div><div class=\"w-separator size_small\"><\/div><\/div><\/div><\/div><\/div><\/div><\/section><section class=\"l-section wpb_row height_auto\"><div class=\"l-section-h i-cf\"><div class=\"g-cols vc_row via_flex valign_top type_default stacking_default\"><div class=\"vc_col-sm-4 wpb_column vc_column_container\"><div class=\"vc_column-inner\"><div class=\"wpb_wrapper\"><div class=\"w-image align_center\"><a target=\"_blank\" rel=\"nofollow\" href=\"https:\/\/www.gsb-oilless.com\/wp-content\/uploads\/2024\/04\/9001-en.pdf\" aria-label=\"9001-en\" class=\"w-image-h\"><img decoding=\"async\" width=\"707\" height=\"1000\" src=\"https:\/\/www.gsb-oilless.com\/wp-content\/uploads\/2024\/04\/9001-en.jpg\" class=\"attachment-full size-full\" alt=\"\" loading=\"lazy\" srcset=\"https:\/\/www.gsb-oilless.com\/wp-content\/uploads\/2024\/04\/9001-en.jpg 707w, https:\/\/www.gsb-oilless.com\/wp-content\/uploads\/2024\/04\/9001-en-212x300.jpg 212w, https:\/\/www.gsb-oilless.com\/wp-content\/uploads\/2024\/04\/9001-en-226x320.jpg 226w, https:\/\/www.gsb-oilless.com\/wp-content\/uploads\/2024\/04\/9001-en-283x400.jpg 283w, https:\/\/www.gsb-oilless.com\/wp-content\/uploads\/2024\/04\/9001-en-247x350.jpg 247w\" sizes=\"auto, (max-width: 707px) 100vw, 707px\" \/><\/a><\/div><div class=\"wpb_text_column\"><div class=\"wpb_wrapper\"><h5 style=\"text-align: center;\">ISO 9001:2015<\/h5>\n<\/div><\/div><\/div><\/div><\/div><div class=\"vc_col-sm-4 wpb_column vc_column_container\"><div class=\"vc_column-inner\"><div class=\"wpb_wrapper\"><div class=\"w-image align_center\"><a target=\"_blank\" rel=\"nofollow\" href=\"https:\/\/www.gsb-oilless.com\/wp-content\/uploads\/2024\/04\/14001-en.pdf\" aria-label=\"14001-en\" class=\"w-image-h\"><img decoding=\"async\" width=\"707\" height=\"1000\" src=\"https:\/\/www.gsb-oilless.com\/wp-content\/uploads\/2024\/04\/14001-en.jpg\" class=\"attachment-full size-full\" alt=\"\" loading=\"lazy\" srcset=\"https:\/\/www.gsb-oilless.com\/wp-content\/uploads\/2024\/04\/14001-en.jpg 707w, https:\/\/www.gsb-oilless.com\/wp-content\/uploads\/2024\/04\/14001-en-212x300.jpg 212w, https:\/\/www.gsb-oilless.com\/wp-content\/uploads\/2024\/04\/14001-en-226x320.jpg 226w, https:\/\/www.gsb-oilless.com\/wp-content\/uploads\/2024\/04\/14001-en-283x400.jpg 283w, https:\/\/www.gsb-oilless.com\/wp-content\/uploads\/2024\/04\/14001-en-247x350.jpg 247w\" sizes=\"auto, (max-width: 707px) 100vw, 707px\" \/><\/a><\/div><div class=\"wpb_text_column\"><div class=\"wpb_wrapper\"><h5 style=\"text-align: center;\">ISO 14001:2015<\/h5>\n<\/div><\/div><\/div><\/div><\/div><div class=\"vc_col-sm-4 wpb_column vc_column_container\"><div class=\"vc_column-inner\"><div class=\"wpb_wrapper\"><div class=\"w-image align_center\"><a target=\"_blank\" rel=\"nofollow\" href=\"https:\/\/www.gsb-oilless.com\/wp-content\/uploads\/2024\/04\/45001-en.pdf\" aria-label=\"45001-en\" class=\"w-image-h\"><img decoding=\"async\" width=\"707\" height=\"1000\" src=\"https:\/\/www.gsb-oilless.com\/wp-content\/uploads\/2024\/04\/45001-en.jpg\" class=\"attachment-full size-full\" alt=\"\" loading=\"lazy\" srcset=\"https:\/\/www.gsb-oilless.com\/wp-content\/uploads\/2024\/04\/45001-en.jpg 707w, https:\/\/www.gsb-oilless.com\/wp-content\/uploads\/2024\/04\/45001-en-212x300.jpg 212w, https:\/\/www.gsb-oilless.com\/wp-content\/uploads\/2024\/04\/45001-en-226x320.jpg 226w, https:\/\/www.gsb-oilless.com\/wp-content\/uploads\/2024\/04\/45001-en-283x400.jpg 283w, https:\/\/www.gsb-oilless.com\/wp-content\/uploads\/2024\/04\/45001-en-247x350.jpg 247w\" sizes=\"auto, (max-width: 707px) 100vw, 707px\" \/><\/a><\/div><div class=\"wpb_text_column\"><div class=\"wpb_wrapper\"><h5 style=\"text-align: center;\">ISO 45001:2018<\/h5>\n<\/div><\/div><\/div><\/div><\/div><\/div><\/div><\/section><section class=\"l-section wpb_row height_medium\"><div class=\"l-section-h i-cf\"><div class=\"g-cols vc_row via_flex valign_top type_default stacking_default\"><div class=\"vc_col-sm-12 wpb_column vc_column_container\"><div class=\"vc_column-inner\"><div class=\"wpb_wrapper\"><div class=\"w-separator size_large\"><\/div><\/div><\/div><\/div><\/div><\/div><\/section>\n","protected":false},"excerpt":{"rendered":"Mehr als nur eine Firma: Wir haben 1996 GSB Oilless als Handelsunternehmen in Istanbul mit einer klaren und ehrgeizigen Mission um erstklassigen Service und Premium Zubeh\u00f6r f\u00fcr die Stanz- und Umformtechnik gegr\u00fcndet. Innerhalb von 5 Jahren war es uns gelungen, einen signifikanten Marktanteil zu erobern und positionierten uns als Marktf\u00fchrer in der T\u00fcrkei. Als n\u00e4chster...","protected":false},"author":5,"featured_media":11981,"parent":0,"menu_order":1871,"comment_status":"closed","ping_status":"closed","template":"","meta":{"_acf_changed":false,"footnotes":""},"class_list":["post-11979","page","type-page","status-publish","has-post-thumbnail","hentry"],"acf":[],"_links":{"self":[{"href":"https:\/\/www.gsb-oilless.com\/de\/wp-json\/wp\/v2\/pages\/11979","targetHints":{"allow":["GET"]}}],"collection":[{"href":"https:\/\/www.gsb-oilless.com\/de\/wp-json\/wp\/v2\/pages"}],"about":[{"href":"https:\/\/www.gsb-oilless.com\/de\/wp-json\/wp\/v2\/types\/page"}],"author":[{"embeddable":true,"href":"https:\/\/www.gsb-oilless.com\/de\/wp-json\/wp\/v2\/users\/5"}],"replies":[{"embeddable":true,"href":"https:\/\/www.gsb-oilless.com\/de\/wp-json\/wp\/v2\/comments?post=11979"}],"version-history":[{"count":0,"href":"https:\/\/www.gsb-oilless.com\/de\/wp-json\/wp\/v2\/pages\/11979\/revisions"}],"wp:featuredmedia":[{"embeddable":true,"href":"https:\/\/www.gsb-oilless.com\/de\/wp-json\/wp\/v2\/media\/11981"}],"wp:attachment":[{"href":"https:\/\/www.gsb-oilless.com\/de\/wp-json\/wp\/v2\/media?parent=11979"}],"curies":[{"name":"wp","href":"https:\/\/api.w.org\/{rel}","templated":true}]}}